{"id":1745,"date":"2024-10-18T08:39:37","date_gmt":"2024-10-18T06:39:37","guid":{"rendered":"https:\/\/jovevinyes.com\/politica-de-privadesa\/"},"modified":"2025-03-11T17:17:29","modified_gmt":"2025-03-11T16:17:29","slug":"privacy-policy","status":"publish","type":"page","link":"https:\/\/jovevinyes.com\/en\/privacy-policy\/","title":{"rendered":"Privacy Policy"},"content":{"rendered":"<div class=\"fusion-fullwidth fullwidth-box fusion-builder-row-1 fusion-flex-container nonhundred-percent-fullwidth non-hundred-percent-height-scrolling\" style=\"--awb-border-radius-top-left:0px;--awb-border-radius-top-right:0px;--awb-border-radius-bottom-right:0px;--awb-border-radius-bottom-left:0px;--awb-margin-top:50px;--awb-flex-wrap:wrap;\" ><div class=\"fusion-builder-row fusion-row fusion-flex-align-items-flex-start fusion-flex-content-wrap\" style=\"max-width:1248px;margin-left: calc(-4% \/ 2 );margin-right: calc(-4% \/ 2 );\"><div class=\"fusion-layout-column fusion_builder_column fusion-builder-column-0 fusion_builder_column_1_1 1_1 fusion-flex-column\" style=\"--awb-bg-blend:overlay;--awb-bg-size:cover;--awb-width-large:100%;--awb-margin-top-large:0px;--awb-spacing-right-large:1.92%;--awb-margin-bottom-large:0px;--awb-spacing-left-large:1.92%;--awb-width-medium:100%;--awb-spacing-right-medium:1.92%;--awb-spacing-left-medium:1.92%;--awb-width-small:100%;--awb-spacing-right-small:1.92%;--awb-spacing-left-small:1.92%;\"><div class=\"fusion-column-wrapper fusion-flex-justify-content-flex-start fusion-content-layout-column\"><div class=\"fusion-text fusion-text-1\"><p><strong>DATA CONTROLLER<\/strong><\/p>\n<p>Jov\u00e9 Vi\u00f1es S.L., B25028515, located at Pol\u00edgon Sant Jordi, Parc. 1, 25613, Camarasa (Lleida), phone number 973 420 007, and email <a href=\"mailto:info@jovevinyes.com\">info@jovevinyes.com<\/a>.<\/p>\n<p><strong>PURPOSE<\/strong><\/p>\n<p>The purpose of the creation, existence, and maintenance is the processing of data exclusively to fulfill our business relationship and to invoice it.<\/p>\n<p><strong>LEGAL BASIS<\/strong><\/p>\n<p>The legal basis for processing your data is the execution of the commercial relationship between the data subject and the data controller. This personal information will be retained as long as the commercial\/contractual relationship exists or for the strictly necessary period to comply with legal obligations.<\/p>\n<p><strong>RETENTION PERIOD<\/strong><\/p>\n<p>The data provided will be retained for as long as the commercial relationship is maintained or for the necessary years to fulfill legal obligations.<\/p>\n<p><strong>RECIPIENTS<\/strong><\/p>\n<p>During the processing period, Jov\u00e9 Vi\u00f1es will not disclose the data to third parties, unless there is a legal obligation.<\/p>\n<p>In cases where third-party services are required for administrative, fiscal, accounting, and\/or commercial processing, appropriate service contracts will be established to ensure the security and confidentiality of the data subject&#8217;s information against third parties.<\/p>\n<p><strong>RIGHTS<\/strong><\/p>\n<p>Data subjects have the right to access their personal data, as well as to request the correction of inaccurate data or, if applicable, to request deletion when, among other reasons, the data is no longer necessary for the purpose for which it was collected, as well as to withdraw the consent granted. You may also exercise your right to restrict processing, so your data will not be deleted, but the processing will be subject to limitations.<\/p>\n<p>The rights to portability and automated decisions do not apply in this case due to the type of data and their processing.<\/p>\n<\/div><\/div><\/div><\/div><\/div>\n","protected":false},"excerpt":{"rendered":"","protected":false},"author":1,"featured_media":0,"parent":0,"menu_order":0,"comment_status":"closed","ping_status":"closed","template":"","meta":{"footnotes":""},"class_list":["post-1745","page","type-page","status-publish","hentry"],"yoast_head":"<!-- This site is optimized with the Yoast SEO plugin v24.7 - https:\/\/yoast.com\/wordpress\/plugins\/seo\/ -->\n<title>Privacy Policy - Jov\u00e9 Vinyes<\/title>\n<meta name=\"robots\" content=\"index, follow, max-snippet:-1, max-image-preview:large, max-video-preview:-1\" \/>\n<link rel=\"canonical\" href=\"https:\/\/jovevinyes.com\/en\/privacy-policy\/\" \/>\n<meta property=\"og:locale\" content=\"en_US\" \/>\n<meta property=\"og:type\" content=\"article\" \/>\n<meta property=\"og:title\" content=\"Privacy Policy - Jov\u00e9 Vinyes\" \/>\n<meta property=\"og:url\" content=\"https:\/\/jovevinyes.com\/en\/privacy-policy\/\" \/>\n<meta property=\"og:site_name\" content=\"Jov\u00e9 Vinyes\" \/>\n<meta property=\"article:modified_time\" content=\"2025-03-11T16:17:29+00:00\" \/>\n<meta name=\"twitter:card\" content=\"summary_large_image\" \/>\n<meta name=\"twitter:label1\" content=\"Est. reading time\" \/>\n\t<meta name=\"twitter:data1\" content=\"2 minutes\" \/>\n<script type=\"application\/ld+json\" class=\"yoast-schema-graph\">{\"@context\":\"https:\/\/schema.org\",\"@graph\":[{\"@type\":\"WebPage\",\"@id\":\"https:\/\/jovevinyes.com\/en\/privacy-policy\/\",\"url\":\"https:\/\/jovevinyes.com\/en\/privacy-policy\/\",\"name\":\"Privacy Policy - Jov\u00e9 Vinyes\",\"isPartOf\":{\"@id\":\"https:\/\/jovevinyes.com\/en\/#website\"},\"datePublished\":\"2024-10-18T06:39:37+00:00\",\"dateModified\":\"2025-03-11T16:17:29+00:00\",\"breadcrumb\":{\"@id\":\"https:\/\/jovevinyes.com\/en\/privacy-policy\/#breadcrumb\"},\"inLanguage\":\"en-US\",\"potentialAction\":[{\"@type\":\"ReadAction\",\"target\":[\"https:\/\/jovevinyes.com\/en\/privacy-policy\/\"]}]},{\"@type\":\"BreadcrumbList\",\"@id\":\"https:\/\/jovevinyes.com\/en\/privacy-policy\/#breadcrumb\",\"itemListElement\":[{\"@type\":\"ListItem\",\"position\":1,\"name\":\"Inici\",\"item\":\"https:\/\/jovevinyes.com\/en\/\"},{\"@type\":\"ListItem\",\"position\":2,\"name\":\"Privacy Policy\"}]},{\"@type\":\"WebSite\",\"@id\":\"https:\/\/jovevinyes.com\/en\/#website\",\"url\":\"https:\/\/jovevinyes.com\/en\/\",\"name\":\"Jov\u00e9 Vinyes\",\"description\":\"Marca xarcutera de qualitat\",\"potentialAction\":[{\"@type\":\"SearchAction\",\"target\":{\"@type\":\"EntryPoint\",\"urlTemplate\":\"https:\/\/jovevinyes.com\/en\/?s={search_term_string}\"},\"query-input\":{\"@type\":\"PropertyValueSpecification\",\"valueRequired\":true,\"valueName\":\"search_term_string\"}}],\"inLanguage\":\"en-US\"}]}<\/script>\n<!-- \/ Yoast SEO plugin. -->","yoast_head_json":{"title":"Privacy Policy - Jov\u00e9 Vinyes","robots":{"index":"index","follow":"follow","max-snippet":"max-snippet:-1","max-image-preview":"max-image-preview:large","max-video-preview":"max-video-preview:-1"},"canonical":"https:\/\/jovevinyes.com\/en\/privacy-policy\/","og_locale":"en_US","og_type":"article","og_title":"Privacy Policy - Jov\u00e9 Vinyes","og_url":"https:\/\/jovevinyes.com\/en\/privacy-policy\/","og_site_name":"Jov\u00e9 Vinyes","article_modified_time":"2025-03-11T16:17:29+00:00","twitter_card":"summary_large_image","twitter_misc":{"Est. reading time":"2 minutes"},"schema":{"@context":"https:\/\/schema.org","@graph":[{"@type":"WebPage","@id":"https:\/\/jovevinyes.com\/en\/privacy-policy\/","url":"https:\/\/jovevinyes.com\/en\/privacy-policy\/","name":"Privacy Policy - Jov\u00e9 Vinyes","isPartOf":{"@id":"https:\/\/jovevinyes.com\/en\/#website"},"datePublished":"2024-10-18T06:39:37+00:00","dateModified":"2025-03-11T16:17:29+00:00","breadcrumb":{"@id":"https:\/\/jovevinyes.com\/en\/privacy-policy\/#breadcrumb"},"inLanguage":"en-US","potentialAction":[{"@type":"ReadAction","target":["https:\/\/jovevinyes.com\/en\/privacy-policy\/"]}]},{"@type":"BreadcrumbList","@id":"https:\/\/jovevinyes.com\/en\/privacy-policy\/#breadcrumb","itemListElement":[{"@type":"ListItem","position":1,"name":"Inici","item":"https:\/\/jovevinyes.com\/en\/"},{"@type":"ListItem","position":2,"name":"Privacy Policy"}]},{"@type":"WebSite","@id":"https:\/\/jovevinyes.com\/en\/#website","url":"https:\/\/jovevinyes.com\/en\/","name":"Jov\u00e9 Vinyes","description":"Marca xarcutera de qualitat","potentialAction":[{"@type":"SearchAction","target":{"@type":"EntryPoint","urlTemplate":"https:\/\/jovevinyes.com\/en\/?s={search_term_string}"},"query-input":{"@type":"PropertyValueSpecification","valueRequired":true,"valueName":"search_term_string"}}],"inLanguage":"en-US"}]}},"_links":{"self":[{"href":"https:\/\/jovevinyes.com\/en\/wp-json\/wp\/v2\/pages\/1745","targetHints":{"allow":["GET"]}}],"collection":[{"href":"https:\/\/jovevinyes.com\/en\/wp-json\/wp\/v2\/pages"}],"about":[{"href":"https:\/\/jovevinyes.com\/en\/wp-json\/wp\/v2\/types\/page"}],"author":[{"embeddable":true,"href":"https:\/\/jovevinyes.com\/en\/wp-json\/wp\/v2\/users\/1"}],"replies":[{"embeddable":true,"href":"https:\/\/jovevinyes.com\/en\/wp-json\/wp\/v2\/comments?post=1745"}],"version-history":[{"count":1,"href":"https:\/\/jovevinyes.com\/en\/wp-json\/wp\/v2\/pages\/1745\/revisions"}],"predecessor-version":[{"id":1746,"href":"https:\/\/jovevinyes.com\/en\/wp-json\/wp\/v2\/pages\/1745\/revisions\/1746"}],"wp:attachment":[{"href":"https:\/\/jovevinyes.com\/en\/wp-json\/wp\/v2\/media?parent=1745"}],"curies":[{"name":"wp","href":"https:\/\/api.w.org\/{rel}","templated":true}]}}