{"id":1646,"date":"2021-01-14T10:59:52","date_gmt":"2021-01-14T09:59:52","guid":{"rendered":"https:\/\/jovevinyes.com\/carrito\/"},"modified":"2025-05-29T16:43:14","modified_gmt":"2025-05-29T14:43:14","slug":"carrito","status":"publish","type":"page","link":"https:\/\/jovevinyes.com\/es\/carrito\/","title":{"rendered":"Carrito"},"content":{"rendered":"<p><div class=\"fusion-fullwidth fullwidth-box fusion-builder-row-1 fusion-flex-container nonhundred-percent-fullwidth non-hundred-percent-height-scrolling\" style=\"--link_hover_color: var(--awb-color4);--awb-border-sizes-top:0px;--awb-border-sizes-bottom:0px;--awb-border-sizes-left:0px;--awb-border-sizes-right:0px;--awb-border-radius-top-left:0px;--awb-border-radius-top-right:0px;--awb-border-radius-bottom-right:0px;--awb-border-radius-bottom-left:0px;--awb-padding-top:90px;--awb-padding-bottom:90px;--awb-margin-top:0px;--awb-margin-bottom:0px;--awb-flex-wrap:wrap;\" ><div class=\"fusion-builder-row fusion-row fusion-flex-align-items-flex-start fusion-flex-justify-content-center fusion-flex-content-wrap\" style=\"max-width:calc( 1200px + 60px );margin-left: calc(-60px \/ 2 );margin-right: calc(-60px \/ 2 );\"><div class=\"fusion-layout-column fusion_builder_column fusion-builder-column-0 fusion_builder_column_2_3 2_3 fusion-flex-column\" style=\"--awb-padding-top-small:0px;--awb-overflow:hidden;--awb-bg-color:var(--awb-color1);--awb-bg-color-hover:var(--awb-color1);--awb-bg-size:cover;--awb-border-radius:3px 3px 3px 3px;--awb-width-large:66.666666666667%;--awb-margin-top-large:0px;--awb-spacing-right-large:calc( 0.04 * calc( 100% - 60px ) );--awb-margin-bottom-large:0px;--awb-spacing-left-large:30px;--awb-width-medium:66.666666666667%;--awb-order-medium:0;--awb-spacing-right-medium:calc( 0.04 * calc( 100% - 60px ) );--awb-spacing-left-medium:30px;--awb-width-small:100%;--awb-order-small:0;--awb-spacing-right-small:30px;--awb-spacing-left-small:30px;\"><div class=\"fusion-column-wrapper fusion-column-has-shadow fusion-flex-justify-content-flex-start fusion-content-layout-column\">\t\t\t\t\t<div class=\"fusion-woo-cart_table-wrapper\">\n\t\t\t\t\t\t\t\t\t\t<form class=\"woocommerce-cart-form woocommerce\" action=\"https:\/\/jovevinyes.com\/es\/carrito\/\" method=\"post\">\n\t\t\t\t\t\t\t\t\t\t<table class=\"shop_table shop_table_responsive cart woocommerce-cart-form__contents fusion-woo-cart_table fusion-woo-cart_table-1 has-auto-height\" style=\"--awb-margin-bottom:40px;--awb-cell-padding-top:20px;--awb-cell-padding-bottom:20px;--awb-heading-font-size:var(--awb-typography5-font-size);--awb-heading-letter-spacing:var(--awb-typography5-letter-spacing);--awb-text-font-size:var(--awb-typography4-font-size);--awb-text-letter-spacing:var(--awb-typography4-letter-spacing);--awb-heading-color:var(--awb-color7);--awb-text-color:var(--awb-color7);--awb-fusion-font-family-heading-font:var(--awb-typography5-font-family);--awb-fusion-font-variant-heading-font:var(--awb-typography5);--awb-heading-line-height:var(--awb-typography5-line-height);--awb-heading-text-transform:var(--awb-typography5-text-transform);--awb-fusion-font-family-text-font:var(--awb-typography4-font-family);--awb-fusion-font-variant-text-font:var(--awb-typography4);--awb-text-line-height:var(--awb-typography4-line-height);--awb-text-text-transform:var(--awb-typography4-text-transform);\" cellspacing=\"0\">\n\t\t\t\t\t\t\t\t\t\t\t<thead>\n\t\t\t\t\t<tr>\n\t\t\t\t\t\t\t\t\t\t\t\t\t\t\t\t\t\t\t\t\t<th class=\"product-name\">Product<\/th>\n\t\t\t\t\t\t\t\t\t\t\t\t\t\t\t\t\t\t\t\t\t\t\t\t\t\t\t\t\t<th class=\"product-price\">Price<\/th>\n\t\t\t\t\t\t\t\t\t\t\t\t\t\t\t\t\t\t\t\t\t\t\t\t\t\t\t\t\t<th class=\"product-quantity\">Quantity<\/th>\n\t\t\t\t\t\t\t\t\t\t\t\t\t\t\t\t\t\t\t\t\t\t\t\t\t\t\t\t\t<th class=\"product-subtotal\">Subtotal<\/th>\n\t\t\t\t\t\t\t\t\t\t\t\t\t\t\t\t\t\t\t\t\t\t\t\t\t\t\t\t\t<th class=\"product-remove\"><span class=\"screen-reader-text\">Eliminar art\u00edculo<\/span><\/th>\n\t\t\t\t\t\t\t\t\t\t\t\t\t\t\t\t\t\t<\/tr>\n\t\t\t\t\t<\/thead>\n\t\t\t\t\t\t\t\t\t\t\t\t\t\t\t\t<tr class=\"avada-cart-actions\">\n\t\t\t\t\t\t\t<td class=\"actions\">\n\t\t\t\t\t\t\t\t\t\t\t\t\t\t\t\t\t<div class=\"coupon\">\n\t\t\t\t\t\t\t\t\t\t<label for=\"coupon_code\">Cup\u00f3n:<\/label>\n\t\t\t\t\t\t\t\t\t\t<input type=\"text\" name=\"coupon_code\" class=\"input-text\" id=\"coupon_code\" value=\"\" placeholder=\"C\u00f3digo de cup\u00f3n\" \/> <button type=\"submit\" class=\"button\" name=\"apply_coupon\" value=\"Aplicar cup\u00f3n\">Aplicar cup\u00f3n<\/button>\n\t\t\t\t\t\t\t\t\t\t\t\t\t\t\t\t\t\t\t<\/div>\n\t\t\t\t\t\t\t\t\t\t\t\t\t\t\t\t\t\t\t\t\t\t\t\t<button type=\"submit\" class=\"button\" name=\"update_cart\">\n\t\t\t\t\t\t\t\tActualizar carrito<\/button>\n\t\t\t\t\t\t\t\t<input type=\"hidden\" id=\"woocommerce-cart-nonce\" name=\"woocommerce-cart-nonce\" value=\"7db2d862a4\" \/><input type=\"hidden\" name=\"_wp_http_referer\" value=\"\/es\/wp-json\/wp\/v2\/pages\/1646\" \/>\t\t\t\t\t\t\t<\/td>\n\t\t\t\t\t\t<\/tr>\n\t\t\t\t\t\t\t\t\t\t\t<\/table>\n\n\t\t\t\t\t<\/form>\n\t\t\t\t\t<\/div>\n\t\t\t\t\t<div class=\"fusion-title title fusion-title-1 fusion-sep-none fusion-title-text fusion-title-size-five\" style=\"--awb-text-color:var(--awb-color7);--awb-margin-top:0px;--awb-margin-right:0px;--awb-margin-bottom:35px;--awb-margin-left:0px;--awb-margin-top-small:10px;--awb-margin-right-small:0px;--awb-margin-left-small:0px;\"><h5 class=\"fusion-title-heading title-heading-left fusion-responsive-typography-calculated\" style=\"margin:0;text-transform:capitalize;--fontSize:24;line-height:1.4;\">Informaci\u00f3n de env\u00edo<\/h5><\/div><\/div><\/div><div class=\"fusion-layout-column fusion_builder_column fusion-builder-column-1 fusion_builder_column_1_3 1_3 fusion-flex-column\" style=\"--awb-bg-position:center center;--awb-bg-size:cover;--awb-width-large:33.333333333333%;--awb-margin-top-large:0px;--awb-spacing-right-large:30px;--awb-margin-bottom-large:0px;--awb-spacing-left-large:calc( 0.04 * calc( 100% - 60px ) );--awb-width-medium:33.333333333333%;--awb-order-medium:0;--awb-spacing-right-medium:30px;--awb-spacing-left-medium:calc( 0.04 * calc( 100% - 60px ) );--awb-width-small:100%;--awb-order-small:0;--awb-spacing-right-small:30px;--awb-spacing-left-small:30px;\"><div class=\"fusion-column-wrapper fusion-column-has-shadow fusion-flex-justify-content-flex-start fusion-content-layout-column\"><div class=\"fusion-builder-row fusion-builder-row-inner fusion-row fusion-flex-align-items-flex-start fusion-flex-justify-content-center fusion-flex-content-wrap\" style=\"width:calc( 100% + 60px ) !important;max-width:calc( 100% + 60px ) !important;margin-left: calc(-60px \/ 2 );margin-right: calc(-60px \/ 2 );\"><div class=\"fusion-layout-column fusion_builder_column_inner fusion-builder-nested-column-0 fusion_builder_column_inner_1_1 1_1 fusion-flex-column\" style=\"--awb-padding-top:2.5vw;--awb-padding-right:2.5vw;--awb-padding-bottom:2.5vw;--awb-padding-left:2.5vw;--awb-padding-top-small:30px;--awb-padding-right-small:35px;--awb-padding-bottom-small:35px;--awb-padding-left-small:35px;--awb-bg-color:var(--awb-color8);--awb-bg-color-hover:var(--awb-color8);--awb-bg-image:linear-gradient(180deg, hsla(var(--awb-color7-h),var(--awb-color7-s),var(--awb-color7-l),calc(var(--awb-color7-a) - 40%)) 0%,hsla(var(--awb-color7-h),var(--awb-color7-s),var(--awb-color7-l),calc(var(--awb-color7-a) - 40%)) 100%);;--awb-bg-size:cover;--awb-width-large:100%;--awb-margin-top-large:0px;--awb-spacing-right-large:30px;--awb-margin-bottom-large:30px;--awb-spacing-left-large:30px;--awb-width-medium:100%;--awb-order-medium:0;--awb-spacing-right-medium:30px;--awb-spacing-left-medium:30px;--awb-width-small:100%;--awb-order-small:0;--awb-spacing-right-small:30px;--awb-spacing-left-small:30px;\"><div class=\"fusion-column-wrapper lazyload fusion-column-has-shadow fusion-flex-justify-content-flex-start fusion-content-layout-column fusion-column-has-bg-image\" data-bg-url=\"https:\/\/jovevinyes.com\/wp-content\/uploads\/2021\/01\/t-bone-steak.jpg\" data-bg=\"https:\/\/jovevinyes.com\/wp-content\/uploads\/2021\/01\/t-bone-steak.jpg\" data-bg-gradient=\"linear-gradient(180deg, hsla(var(--awb-color7-h),var(--awb-color7-s),var(--awb-color7-l),calc(var(--awb-color7-a) - 40%)) 0%,hsla(var(--awb-color7-h),var(--awb-color7-s),var(--awb-color7-l),calc(var(--awb-color7-a) - 40%)) 100%)\"><div class=\"fusion-title title fusion-title-2 fusion-sep-none fusion-title-text fusion-title-size-five\" style=\"--awb-text-color:var(--awb-color1);--awb-margin-top:0px;--awb-margin-right:0px;--awb-margin-bottom:5px;--awb-margin-left:0px;--awb-margin-top-small:10px;--awb-margin-right-small:0px;--awb-margin-left-small:0px;\"><h5 class=\"fusion-title-heading title-heading-left fusion-responsive-typography-calculated\" style=\"margin:0;text-transform:capitalize;--fontSize:24;line-height:1.4;\">Total del carrito : <span class=\"fusion-dynamic-cart-count-wrapper\" data-singular=\" item\" data-plural=\" items\"><span class=\"fusion-dynamic-cart-count\">0 items<\/span><\/span><\/h5><\/div><div ><a class=\"fusion-button button-flat fusion-button-default-size button-custom fusion-button-default button-1 fusion-button-span-yes \" style=\"--button_accent_color:var(--awb-color8);--button_border_color:var(--awb-color8);--button_accent_hover_color:var(--awb-color1);--button_border_hover_color:var(--awb-color1);--button_border_width-top:0px;--button_border_width-right:0px;--button_border_width-bottom:0px;--button_border_width-left:0px;--button-border-radius-top-left:0px;--button-border-radius-top-right:0px;--button-border-radius-bottom-right:0px;--button-border-radius-bottom-left:0px;--button_gradient_top_color:var(--awb-color1);--button_gradient_bottom_color:var(--awb-color1);--button_gradient_top_color_hover:var(--awb-color8);--button_gradient_bottom_color_hover:var(--awb-color8);--button_text_transform:var(--awb-typography3-text-transform);--button_font_size:var(--awb-typography3-font-size);--button_line_height:var(--awb-typography3-line-height);--button_padding-top:13px;--button_padding-right:29px;--button_padding-bottom:13px;--button_padding-left:29px;--button_typography-letter-spacing:var(--awb-typography3-letter-spacing);--button_typography-font-family:var(--awb-typography3-font-family);--button_typography-font-weight:var(--awb-typography3-font-weight);--button_typography-font-style:var(--awb-typography3-font-style);--button_margin-bottom:10px;\" target=\"_self\" href=\"#updateCart\"><span class=\"fusion-button-text\">Actualizar carrito<\/span><i class=\"retail-sync button-icon-right\" aria-hidden=\"true\"><\/i><\/a><\/div><div ><a class=\"fusion-button button-flat fusion-button-default-size button-custom fusion-button-default button-2 fusion-button-span-yes \" style=\"--button_accent_color:var(--awb-color1);--button_accent_hover_color:var(--awb-color8);--button_border_hover_color:var(--awb-color8);--button_border_width-top:0px;--button_border_width-right:0px;--button_border_width-bottom:0px;--button_border_width-left:0px;--button-border-radius-top-left:0px;--button-border-radius-top-right:0px;--button-border-radius-bottom-right:0px;--button-border-radius-bottom-left:0px;--button_gradient_top_color:var(--awb-color5);--button_gradient_bottom_color:var(--awb-color5);--button_gradient_top_color_hover:var(--awb-color1);--button_gradient_bottom_color_hover:var(--awb-color1);--button_text_transform:var(--awb-typography3-text-transform);--button_font_size:var(--awb-typography3-font-size);--button_line_height:var(--awb-typography3-line-height);--button_padding-top:13px;--button_padding-right:29px;--button_padding-bottom:13px;--button_padding-left:29px;--button_typography-letter-spacing:var(--awb-typography3-letter-spacing);--button_typography-font-family:var(--awb-typography3-font-family);--button_typography-font-weight:var(--awb-typography3-font-weight);--button_typography-font-style:var(--awb-typography3-font-style);--button_margin-bottom:0px;\" target=\"_self\" href=\"https:\/\/jovevinyes.com\/es\/confirmar\/\"><span class=\"fusion-button-text\">Pasar por la caja<\/span><\/a><\/div><\/div><\/div><\/div><div class=\"fusion-builder-row fusion-builder-row-inner fusion-row fusion-flex-align-items-flex-start fusion-flex-justify-content-center fusion-flex-content-wrap\" style=\"width:calc( 100% + 60px ) !important;max-width:calc( 100% + 60px ) !important;margin-left: calc(-60px \/ 2 );margin-right: calc(-60px \/ 2 );\"><div class=\"fusion-layout-column fusion_builder_column_inner fusion-builder-nested-column-1 fusion_builder_column_inner_1_1 1_1 fusion-flex-column\" style=\"--awb-padding-top:2.5vw;--awb-padding-right:2.5vw;--awb-padding-bottom:2.5vw;--awb-padding-left:2.5vw;--awb-padding-top-small:30px;--awb-padding-right-small:35px;--awb-padding-bottom-small:35px;--awb-padding-left-small:35px;--awb-bg-color:var(--awb-color3);--awb-bg-color-hover:var(--awb-color3);--awb-bg-size:cover;--awb-width-large:100%;--awb-margin-top-large:0px;--awb-spacing-right-large:30px;--awb-margin-bottom-large:0px;--awb-spacing-left-large:30px;--awb-width-medium:100%;--awb-order-medium:0;--awb-spacing-right-medium:30px;--awb-spacing-left-medium:30px;--awb-width-small:100%;--awb-order-small:0;--awb-spacing-right-small:30px;--awb-spacing-left-small:30px;\"><div class=\"fusion-column-wrapper fusion-column-has-shadow fusion-flex-justify-content-flex-start fusion-content-layout-column\"><div class=\"fusion-title title fusion-title-3 fusion-sep-none fusion-title-text fusion-title-size-six\" style=\"--awb-text-color:var(--awb-color7);--awb-margin-top:0px;--awb-margin-right:0px;--awb-margin-bottom:20px;--awb-margin-left:0px;--awb-margin-top-small:10px;--awb-margin-right-small:0px;--awb-margin-left-small:0px;\"><h6 class=\"fusion-title-heading title-heading-left fusion-responsive-typography-calculated\" style=\"margin:0;text-transform:capitalize;--fontSize:18;--minFontSize:18;line-height:1.5;\">\u00bfTienes un cup\u00f3n? \u00daselo aqu\u00ed.<\/h6><\/div><\/div><\/div><\/div><\/div><\/div><\/div><\/div><\/p>\n","protected":false},"excerpt":{"rendered":"","protected":false},"author":1,"featured_media":0,"parent":0,"menu_order":0,"comment_status":"closed","ping_status":"closed","template":"100-width.php","meta":{"footnotes":""},"class_list":["post-1646","page","type-page","status-publish","hentry"],"yoast_head":"<!-- This site is optimized with the Yoast SEO plugin v24.7 - https:\/\/yoast.com\/wordpress\/plugins\/seo\/ -->\n<title>Carrito - Jov\u00e9 Vinyes<\/title>\n<meta name=\"robots\" content=\"index, follow, max-snippet:-1, max-image-preview:large, max-video-preview:-1\" \/>\n<link rel=\"canonical\" href=\"https:\/\/jovevinyes.com\/es\/carrito\/\" \/>\n<meta property=\"og:locale\" content=\"es_ES\" \/>\n<meta property=\"og:type\" content=\"article\" \/>\n<meta property=\"og:title\" content=\"Carrito - Jov\u00e9 Vinyes\" \/>\n<meta property=\"og:url\" content=\"https:\/\/jovevinyes.com\/es\/carrito\/\" \/>\n<meta property=\"og:site_name\" content=\"Jov\u00e9 Vinyes\" \/>\n<meta property=\"article:modified_time\" content=\"2025-05-29T14:43:14+00:00\" \/>\n<meta name=\"twitter:card\" content=\"summary_large_image\" \/>\n<meta name=\"twitter:label1\" content=\"Tiempo de lectura\" \/>\n\t<meta name=\"twitter:data1\" content=\"15 minutos\" \/>\n<script type=\"application\/ld+json\" class=\"yoast-schema-graph\">{\"@context\":\"https:\/\/schema.org\",\"@graph\":[{\"@type\":\"WebPage\",\"@id\":\"https:\/\/jovevinyes.com\/es\/carrito\/\",\"url\":\"https:\/\/jovevinyes.com\/es\/carrito\/\",\"name\":\"Carrito - Jov\u00e9 Vinyes\",\"isPartOf\":{\"@id\":\"https:\/\/jovevinyes.com\/es\/#website\"},\"datePublished\":\"2021-01-14T09:59:52+00:00\",\"dateModified\":\"2025-05-29T14:43:14+00:00\",\"breadcrumb\":{\"@id\":\"https:\/\/jovevinyes.com\/es\/carrito\/#breadcrumb\"},\"inLanguage\":\"es\",\"potentialAction\":[{\"@type\":\"ReadAction\",\"target\":[\"https:\/\/jovevinyes.com\/es\/carrito\/\"]}]},{\"@type\":\"BreadcrumbList\",\"@id\":\"https:\/\/jovevinyes.com\/es\/carrito\/#breadcrumb\",\"itemListElement\":[{\"@type\":\"ListItem\",\"position\":1,\"name\":\"Inici\",\"item\":\"https:\/\/jovevinyes.com\/es\/\"},{\"@type\":\"ListItem\",\"position\":2,\"name\":\"Carrito\"}]},{\"@type\":\"WebSite\",\"@id\":\"https:\/\/jovevinyes.com\/es\/#website\",\"url\":\"https:\/\/jovevinyes.com\/es\/\",\"name\":\"Jov\u00e9 Vinyes\",\"description\":\"Marca xarcutera de qualitat\",\"potentialAction\":[{\"@type\":\"SearchAction\",\"target\":{\"@type\":\"EntryPoint\",\"urlTemplate\":\"https:\/\/jovevinyes.com\/es\/?s={search_term_string}\"},\"query-input\":{\"@type\":\"PropertyValueSpecification\",\"valueRequired\":true,\"valueName\":\"search_term_string\"}}],\"inLanguage\":\"es\"}]}<\/script>\n<!-- \/ Yoast SEO plugin. -->","yoast_head_json":{"title":"Carrito - Jov\u00e9 Vinyes","robots":{"index":"index","follow":"follow","max-snippet":"max-snippet:-1","max-image-preview":"max-image-preview:large","max-video-preview":"max-video-preview:-1"},"canonical":"https:\/\/jovevinyes.com\/es\/carrito\/","og_locale":"es_ES","og_type":"article","og_title":"Carrito - Jov\u00e9 Vinyes","og_url":"https:\/\/jovevinyes.com\/es\/carrito\/","og_site_name":"Jov\u00e9 Vinyes","article_modified_time":"2025-05-29T14:43:14+00:00","twitter_card":"summary_large_image","twitter_misc":{"Tiempo de lectura":"15 minutos"},"schema":{"@context":"https:\/\/schema.org","@graph":[{"@type":"WebPage","@id":"https:\/\/jovevinyes.com\/es\/carrito\/","url":"https:\/\/jovevinyes.com\/es\/carrito\/","name":"Carrito - Jov\u00e9 Vinyes","isPartOf":{"@id":"https:\/\/jovevinyes.com\/es\/#website"},"datePublished":"2021-01-14T09:59:52+00:00","dateModified":"2025-05-29T14:43:14+00:00","breadcrumb":{"@id":"https:\/\/jovevinyes.com\/es\/carrito\/#breadcrumb"},"inLanguage":"es","potentialAction":[{"@type":"ReadAction","target":["https:\/\/jovevinyes.com\/es\/carrito\/"]}]},{"@type":"BreadcrumbList","@id":"https:\/\/jovevinyes.com\/es\/carrito\/#breadcrumb","itemListElement":[{"@type":"ListItem","position":1,"name":"Inici","item":"https:\/\/jovevinyes.com\/es\/"},{"@type":"ListItem","position":2,"name":"Carrito"}]},{"@type":"WebSite","@id":"https:\/\/jovevinyes.com\/es\/#website","url":"https:\/\/jovevinyes.com\/es\/","name":"Jov\u00e9 Vinyes","description":"Marca xarcutera de qualitat","potentialAction":[{"@type":"SearchAction","target":{"@type":"EntryPoint","urlTemplate":"https:\/\/jovevinyes.com\/es\/?s={search_term_string}"},"query-input":{"@type":"PropertyValueSpecification","valueRequired":true,"valueName":"search_term_string"}}],"inLanguage":"es"}]}},"_links":{"self":[{"href":"https:\/\/jovevinyes.com\/es\/wp-json\/wp\/v2\/pages\/1646","targetHints":{"allow":["GET"]}}],"collection":[{"href":"https:\/\/jovevinyes.com\/es\/wp-json\/wp\/v2\/pages"}],"about":[{"href":"https:\/\/jovevinyes.com\/es\/wp-json\/wp\/v2\/types\/page"}],"author":[{"embeddable":true,"href":"https:\/\/jovevinyes.com\/es\/wp-json\/wp\/v2\/users\/1"}],"replies":[{"embeddable":true,"href":"https:\/\/jovevinyes.com\/es\/wp-json\/wp\/v2\/comments?post=1646"}],"version-history":[{"count":4,"href":"https:\/\/jovevinyes.com\/es\/wp-json\/wp\/v2\/pages\/1646\/revisions"}],"predecessor-version":[{"id":2177,"href":"https:\/\/jovevinyes.com\/es\/wp-json\/wp\/v2\/pages\/1646\/revisions\/2177"}],"wp:attachment":[{"href":"https:\/\/jovevinyes.com\/es\/wp-json\/wp\/v2\/media?parent=1646"}],"curies":[{"name":"wp","href":"https:\/\/api.w.org\/{rel}","templated":true}]}}