{"id":1934,"date":"2025-03-11T13:12:30","date_gmt":"2025-03-11T12:12:30","guid":{"rendered":"https:\/\/jovevinyes.com\/?page_id=1934"},"modified":"2025-03-18T13:17:58","modified_gmt":"2025-03-18T12:17:58","slug":"envios-y-devoluciones","status":"publish","type":"page","link":"https:\/\/jovevinyes.com\/es\/envios-y-devoluciones\/","title":{"rendered":"Env\u00edos y devoluciones"},"content":{"rendered":"<h2 data-start=\"88\" data-end=\"128\">DERECHO LEGAL A DESISTIR DE LA COMPRA<\/h2>\n<p data-start=\"130\" data-end=\"327\"><strong data-start=\"130\" data-end=\"159\">Derecho de desistimiento:<\/strong> Si usted est\u00e1 contratando como consumidor y usuario, tiene derecho a desistir del presente contrato en un plazo de <strong data-start=\"275\" data-end=\"295\">7 d\u00edas naturales<\/strong> sin necesidad de justificaci\u00f3n.<\/p>\n<p data-start=\"329\" data-end=\"426\">No se aceptar\u00e1n devoluciones de productos que no vayan acompa\u00f1ados de la correspondiente factura.<\/p>\n<p data-start=\"428\" data-end=\"531\">La devoluci\u00f3n de un producto ser\u00e1 reemplazada por otro igual o, en su defecto, por un importe superior.<\/p>\n<p data-start=\"533\" data-end=\"735\">Tanto en paletas como en jamones, el peso m\u00ednimo en el momento de la devoluci\u00f3n debe ser el <strong data-start=\"625\" data-end=\"650\">75% del peso original<\/strong> de la pieza y siempre deben conservar el <strong data-start=\"692\" data-end=\"734\">precinto original alrededor de la ca\u00f1a<\/strong>.<\/p>\n<p data-start=\"737\" data-end=\"1172\">El plazo de desistimiento expirar\u00e1 a los <strong data-start=\"778\" data-end=\"798\">7 d\u00edas naturales<\/strong> desde el d\u00eda en que usted o un tercero por usted indicado, distinto del transportista, adquiri\u00f3 la posesi\u00f3n material de los bienes o, en el caso de que los bienes de su pedido se entreguen por separado, a los <strong data-start=\"1008\" data-end=\"1028\">7 d\u00edas naturales<\/strong> desde el d\u00eda en que usted o un tercero por usted indicado, distinto del transportista, adquiri\u00f3 la posesi\u00f3n material del \u00faltimo de esos bienes.<\/p>\n<p data-start=\"1174\" data-end=\"1530\">Para ejercer el derecho de desistimiento, deber\u00e1 usted notificarnos a <strong data-start=\"1244\" data-end=\"1302\">Pol\u00edgono Sant Jordi, Parc. 1, 25613, Camarasa (Lleida)<\/strong>, Tel\u00e9fono <strong data-start=\"1313\" data-end=\"1328\">973.420.007<\/strong> o escribi\u00e9ndonos al correo electr\u00f3nico <strong data-start=\"1368\" data-end=\"1391\"><a rel=\"noopener\" data-start=\"1370\" data-end=\"1389\">info@jovevinyes.com<\/a><\/strong> su decisi\u00f3n de desistir del contrato mediante una declaraci\u00f3n inequ\u00edvoca (por ejemplo, una carta enviada por correo postal o electr\u00f3nico).<\/p>\n<p data-start=\"1532\" data-end=\"1709\">Para cumplir el plazo de desistimiento, basta con que la comunicaci\u00f3n relativa al ejercicio de este derecho por su parte sea enviada antes de que venza el plazo correspondiente.<\/p>\n<h3 data-start=\"1711\" data-end=\"1747\">Consecuencias del desistimiento:<\/h3>\n<p data-start=\"1749\" data-end=\"2555\">En caso de desistimiento por su parte, le devolveremos todos los pagos recibidos de usted, incluidos los gastos de entrega (con la excepci\u00f3n de los gastos adicionales resultantes de su elecci\u00f3n de una modalidad de entrega diferente a la modalidad menos costosa de entrega ordinaria que ofrezcamos) sin ninguna demora indebida y, en todo caso, como muy tarde <strong data-start=\"2107\" data-end=\"2127\">7 d\u00edas naturales<\/strong> a partir de la fecha en la que se nos informe de su decisi\u00f3n de desistir de este contrato. Procederemos a efectuar dicho reembolso utilizando el mismo medio de pago empleado por usted para la transacci\u00f3n inicial. No incurrir\u00e1 en ning\u00fan gasto como consecuencia del reembolso. No obstante, podremos retener el reembolso hasta haber recibido los bienes, o hasta que usted haya presentado una prueba de la devoluci\u00f3n de los mismos.<\/p>\n<p data-start=\"2557\" data-end=\"3061\">Deber\u00e1 usted devolvernos o entregarnos directamente los productos en <strong data-start=\"2626\" data-end=\"2706\">Pol\u00edgono Sant Jordi, Parc. 1, 25613, Camarasa (Lleida), Tel\u00e9fono 973.420.007<\/strong>, o solicitar la recogida a trav\u00e9s de un mensajero de Tipsa en nuestra web, sin ninguna demora indebida y, en cualquier caso, a m\u00e1s tardar en <strong data-start=\"2848\" data-end=\"2868\">7 d\u00edas naturales<\/strong> a partir de la fecha en que nos comunique su decisi\u00f3n de desistir del contrato. Se considerar\u00e1 cumplido el plazo si efect\u00faa la devoluci\u00f3n de los bienes antes de que haya concluido dicho plazo.<\/p>\n<p data-start=\"3063\" data-end=\"3323\">Salvo que realice la devoluci\u00f3n de los bienes en <strong data-start=\"3112\" data-end=\"3192\">Pol\u00edgono Sant Jordi, Parc. 1, 25613, Camarasa (Lleida), Tel\u00e9fono 973.420.007<\/strong>, o a trav\u00e9s de un mensajero de Tipsa organizado por nosotros, deber\u00e1 usted asumir el coste directo de la devoluci\u00f3n de los bienes.<\/p>\n<p data-start=\"3325\" data-end=\"3534\">Usted solo ser\u00e1 responsable de la disminuci\u00f3n de valor de los bienes resultante de una manipulaci\u00f3n distinta a la necesaria para establecer la naturaleza, las caracter\u00edsticas y el funcionamiento de los bienes.<\/p>\n<hr data-start=\"3536\" data-end=\"3539\" \/>\n<h2 data-start=\"3541\" data-end=\"3580\">DERECHO CONTRACTUAL DE DESISTIMIENTO<\/h2>\n<p data-start=\"3582\" data-end=\"3780\">Adem\u00e1s del derecho de desistimiento reconocido legalmente a los consumidores y usuarios, le concedemos un plazo de <strong data-start=\"3697\" data-end=\"3708\">30 d\u00edas<\/strong> desde la confirmaci\u00f3n de env\u00edo para realizar devoluciones de productos.<\/p>\n<p data-start=\"3782\" data-end=\"3983\">En caso de que devuelva los productos dentro del plazo contractual del derecho de desistimiento, una vez transcurrido el plazo legal, se le reembolsar\u00e1 \u00fanicamente el precio pagado por dichos productos.<\/p>\n<p data-start=\"3985\" data-end=\"4228\">Usted se har\u00e1 cargo de los costes directos de devoluci\u00f3n del producto si no realiza la devoluci\u00f3n en <strong data-start=\"4086\" data-end=\"4166\">Pol\u00edgono Sant Jordi, Parc. 1, 25613, Camarasa (Lleida), Tel\u00e9fono 973.420.007<\/strong>, o a trav\u00e9s de un mensajero de Tipsa organizado por nosotros.<\/p>\n<p data-start=\"4230\" data-end=\"4489\">Podr\u00e1 ejercer su derecho de desistimiento, pero si nos comunica su intenci\u00f3n de desistir del contrato una vez transcurrido el plazo legal de desistimiento, deber\u00e1 en todo caso entregar los bienes dentro del plazo de <strong data-start=\"4446\" data-end=\"4457\">30 d\u00edas<\/strong> desde la confirmaci\u00f3n de env\u00edo.<\/p>\n<hr data-start=\"4491\" data-end=\"4494\" \/>\n<h2 data-start=\"4496\" data-end=\"4521\">Disposiciones comunes:<\/h2>\n<p data-start=\"4523\" data-end=\"4633\">No tendr\u00e1 derecho a desistir del contrato cuyo objeto sea el suministro de alguno de los siguientes productos:<\/p>\n<p data-start=\"4635\" data-end=\"4663\">i. Art\u00edculos personalizados.<\/p>\n<p data-start=\"4665\" data-end=\"4704\">ii. Art\u00edculos sin su embalaje original.<\/p>\n<p data-start=\"4706\" data-end=\"4799\">iii. Bienes precintados por razones de higiene que hayan sido desprecintados tras la entrega.<\/p>\n<p data-start=\"4801\" data-end=\"5414\">Su derecho a desistir del contrato ser\u00e1 aplicable exclusivamente a aquellos productos que se devuelvan en las mismas condiciones en las que usted los recibi\u00f3. No se har\u00e1 ning\u00fan reembolso si el producto ha sido usado m\u00e1s all\u00e1 de la mera apertura del mismo, de productos que no se encuentren en las mismas condiciones en las que se entregaron o que hayan sufrido alg\u00fan da\u00f1o, por lo que deber\u00e1 ser cuidadoso con el\/los producto\/s mientras est\u00e9n en su posesi\u00f3n. Por favor, devuelva el art\u00edculo utilizando o incluyendo todos sus embalajes originales, las instrucciones y dem\u00e1s documentos que, en su caso, lo acompa\u00f1en.<\/p>\n<p data-start=\"5416\" data-end=\"5598\">Podr\u00e1 realizar las devoluciones en <strong data-start=\"5451\" data-end=\"5531\">Pol\u00edgono Sant Jordi, Parc. 1, 25613, Camarasa (Lleida), Tel\u00e9fono 973.420.007<\/strong> o a trav\u00e9s de un mensajero de Tipsa que enviaremos a su domicilio.<\/p>\n<p data-start=\"5600\" data-end=\"5748\">Deber\u00e1 acudir a la direcci\u00f3n indicada y entregar junto con el art\u00edculo el documento de devoluci\u00f3n que le proporcionaremos debidamente cumplimentado.<\/p>\n<p data-start=\"5750\" data-end=\"6015\"><strong data-start=\"5750\" data-end=\"5795\">Devoluciones a trav\u00e9s de mensajero-Tipsa:<\/strong> Debe ponerse en contacto con nosotros mediante la solicitud de devoluci\u00f3n en nuestra p\u00e1gina web para que podamos organizar la recogida en su domicilio. Deber\u00e1 entregar la mercanc\u00eda en el mismo paquete en que la recibi\u00f3.<\/p>\n<p data-start=\"6017\" data-end=\"6330\">En caso de que no desee devolver los productos a trav\u00e9s de alguna de las opciones gratuitas disponibles, usted ser\u00e1 responsable de los costes de devoluci\u00f3n. Por favor, tenga en cuenta que si decide devolvernos los art\u00edculos a portes debidos estaremos autorizados a cargarle los gastos en los que podamos incurrir.<\/p>\n<p data-start=\"6332\" data-end=\"6969\">Tras examinar el art\u00edculo le comunicaremos si tiene derecho al reembolso de las cantidades abonadas. El reembolso de los gastos de transporte solo se realizar\u00e1 cuando el derecho de desistimiento se ejerza dentro del plazo legal y se devuelvan todos los art\u00edculos que componen el pedido en cuesti\u00f3n. El reembolso se efectuar\u00e1 lo antes posible y, en cualquier caso, dentro del plazo de <strong data-start=\"6716\" data-end=\"6726\">7 d\u00edas<\/strong> desde la fecha en que usted nos comunic\u00f3 su intenci\u00f3n de desistir. No obstante, podremos retener el reembolso hasta haber recibido los bienes. El reembolso se efectuar\u00e1 siempre en el mismo medio de pago que usted utiliz\u00f3 para pagar la compra.<\/p>\n<p data-start=\"6971\" data-end=\"7073\">Usted asumir\u00e1 el coste y riesgo de devolvernos los productos, tal y como se ha indicado anteriormente.<\/p>\n<p data-start=\"7075\" data-end=\"7173\">Si tiene alguna duda, puede ponerse en contacto con nosotros llamando al tel\u00e9fono <strong data-start=\"7157\" data-end=\"7172\">973.420.007<\/strong>.<\/p>\n","protected":false},"excerpt":{"rendered":"<p>DERECHO LEGAL A DESISTIR DE LA COMPRA Derecho de desistimiento: [&hellip;]<\/p>\n","protected":false},"author":1,"featured_media":0,"parent":0,"menu_order":0,"comment_status":"closed","ping_status":"closed","template":"","meta":{"footnotes":""},"class_list":["post-1934","page","type-page","status-publish","hentry"],"yoast_head":"<!-- This site is optimized with the Yoast SEO plugin v24.7 - https:\/\/yoast.com\/wordpress\/plugins\/seo\/ -->\n<title>Env\u00edos y devoluciones - Jov\u00e9 Vinyes<\/title>\n<meta name=\"robots\" content=\"index, follow, max-snippet:-1, max-image-preview:large, max-video-preview:-1\" \/>\n<link rel=\"canonical\" href=\"https:\/\/jovevinyes.com\/es\/envios-y-devoluciones\/\" \/>\n<meta property=\"og:locale\" content=\"es_ES\" \/>\n<meta property=\"og:type\" content=\"article\" \/>\n<meta property=\"og:title\" content=\"Env\u00edos y devoluciones - Jov\u00e9 Vinyes\" \/>\n<meta property=\"og:description\" content=\"DERECHO LEGAL A DESISTIR DE LA COMPRA Derecho de desistimiento: [&hellip;]\" \/>\n<meta property=\"og:url\" content=\"https:\/\/jovevinyes.com\/es\/envios-y-devoluciones\/\" \/>\n<meta property=\"og:site_name\" content=\"Jov\u00e9 Vinyes\" \/>\n<meta property=\"article:modified_time\" content=\"2025-03-18T12:17:58+00:00\" \/>\n<meta name=\"twitter:card\" content=\"summary_large_image\" \/>\n<script type=\"application\/ld+json\" class=\"yoast-schema-graph\">{\"@context\":\"https:\/\/schema.org\",\"@graph\":[{\"@type\":\"WebPage\",\"@id\":\"https:\/\/jovevinyes.com\/es\/envios-y-devoluciones\/\",\"url\":\"https:\/\/jovevinyes.com\/es\/envios-y-devoluciones\/\",\"name\":\"Env\u00edos y devoluciones - Jov\u00e9 Vinyes\",\"isPartOf\":{\"@id\":\"https:\/\/jovevinyes.com\/es\/#website\"},\"datePublished\":\"2025-03-11T12:12:30+00:00\",\"dateModified\":\"2025-03-18T12:17:58+00:00\",\"breadcrumb\":{\"@id\":\"https:\/\/jovevinyes.com\/es\/envios-y-devoluciones\/#breadcrumb\"},\"inLanguage\":\"es\",\"potentialAction\":[{\"@type\":\"ReadAction\",\"target\":[\"https:\/\/jovevinyes.com\/es\/envios-y-devoluciones\/\"]}]},{\"@type\":\"BreadcrumbList\",\"@id\":\"https:\/\/jovevinyes.com\/es\/envios-y-devoluciones\/#breadcrumb\",\"itemListElement\":[{\"@type\":\"ListItem\",\"position\":1,\"name\":\"Inici\",\"item\":\"https:\/\/jovevinyes.com\/es\/\"},{\"@type\":\"ListItem\",\"position\":2,\"name\":\"Env\u00edos y devoluciones\"}]},{\"@type\":\"WebSite\",\"@id\":\"https:\/\/jovevinyes.com\/es\/#website\",\"url\":\"https:\/\/jovevinyes.com\/es\/\",\"name\":\"Jov\u00e9 Vinyes\",\"description\":\"Marca xarcutera de qualitat\",\"potentialAction\":[{\"@type\":\"SearchAction\",\"target\":{\"@type\":\"EntryPoint\",\"urlTemplate\":\"https:\/\/jovevinyes.com\/es\/?s={search_term_string}\"},\"query-input\":{\"@type\":\"PropertyValueSpecification\",\"valueRequired\":true,\"valueName\":\"search_term_string\"}}],\"inLanguage\":\"es\"}]}<\/script>\n<!-- \/ Yoast SEO plugin. -->","yoast_head_json":{"title":"Env\u00edos y devoluciones - Jov\u00e9 Vinyes","robots":{"index":"index","follow":"follow","max-snippet":"max-snippet:-1","max-image-preview":"max-image-preview:large","max-video-preview":"max-video-preview:-1"},"canonical":"https:\/\/jovevinyes.com\/es\/envios-y-devoluciones\/","og_locale":"es_ES","og_type":"article","og_title":"Env\u00edos y devoluciones - Jov\u00e9 Vinyes","og_description":"DERECHO LEGAL A DESISTIR DE LA COMPRA Derecho de desistimiento: [&hellip;]","og_url":"https:\/\/jovevinyes.com\/es\/envios-y-devoluciones\/","og_site_name":"Jov\u00e9 Vinyes","article_modified_time":"2025-03-18T12:17:58+00:00","twitter_card":"summary_large_image","schema":{"@context":"https:\/\/schema.org","@graph":[{"@type":"WebPage","@id":"https:\/\/jovevinyes.com\/es\/envios-y-devoluciones\/","url":"https:\/\/jovevinyes.com\/es\/envios-y-devoluciones\/","name":"Env\u00edos y devoluciones - Jov\u00e9 Vinyes","isPartOf":{"@id":"https:\/\/jovevinyes.com\/es\/#website"},"datePublished":"2025-03-11T12:12:30+00:00","dateModified":"2025-03-18T12:17:58+00:00","breadcrumb":{"@id":"https:\/\/jovevinyes.com\/es\/envios-y-devoluciones\/#breadcrumb"},"inLanguage":"es","potentialAction":[{"@type":"ReadAction","target":["https:\/\/jovevinyes.com\/es\/envios-y-devoluciones\/"]}]},{"@type":"BreadcrumbList","@id":"https:\/\/jovevinyes.com\/es\/envios-y-devoluciones\/#breadcrumb","itemListElement":[{"@type":"ListItem","position":1,"name":"Inici","item":"https:\/\/jovevinyes.com\/es\/"},{"@type":"ListItem","position":2,"name":"Env\u00edos y devoluciones"}]},{"@type":"WebSite","@id":"https:\/\/jovevinyes.com\/es\/#website","url":"https:\/\/jovevinyes.com\/es\/","name":"Jov\u00e9 Vinyes","description":"Marca xarcutera de qualitat","potentialAction":[{"@type":"SearchAction","target":{"@type":"EntryPoint","urlTemplate":"https:\/\/jovevinyes.com\/es\/?s={search_term_string}"},"query-input":{"@type":"PropertyValueSpecification","valueRequired":true,"valueName":"search_term_string"}}],"inLanguage":"es"}]}},"_links":{"self":[{"href":"https:\/\/jovevinyes.com\/es\/wp-json\/wp\/v2\/pages\/1934","targetHints":{"allow":["GET"]}}],"collection":[{"href":"https:\/\/jovevinyes.com\/es\/wp-json\/wp\/v2\/pages"}],"about":[{"href":"https:\/\/jovevinyes.com\/es\/wp-json\/wp\/v2\/types\/page"}],"author":[{"embeddable":true,"href":"https:\/\/jovevinyes.com\/es\/wp-json\/wp\/v2\/users\/1"}],"replies":[{"embeddable":true,"href":"https:\/\/jovevinyes.com\/es\/wp-json\/wp\/v2\/comments?post=1934"}],"version-history":[{"count":1,"href":"https:\/\/jovevinyes.com\/es\/wp-json\/wp\/v2\/pages\/1934\/revisions"}],"predecessor-version":[{"id":1935,"href":"https:\/\/jovevinyes.com\/es\/wp-json\/wp\/v2\/pages\/1934\/revisions\/1935"}],"wp:attachment":[{"href":"https:\/\/jovevinyes.com\/es\/wp-json\/wp\/v2\/media?parent=1934"}],"curies":[{"name":"wp","href":"https:\/\/api.w.org\/{rel}","templated":true}]}}