{"id":1971,"date":"2024-10-18T08:39:37","date_gmt":"2024-10-18T06:39:37","guid":{"rendered":"https:\/\/jovevinyes.com\/politica-de-privacidad\/"},"modified":"2025-03-18T14:42:00","modified_gmt":"2025-03-18T13:42:00","slug":"politica-de-privacidad","status":"publish","type":"page","link":"https:\/\/jovevinyes.com\/es\/politica-de-privacidad\/","title":{"rendered":"Pol\u00edtica de privacidad"},"content":{"rendered":"<div class=\"fusion-fullwidth fullwidth-box fusion-builder-row-1 fusion-flex-container nonhundred-percent-fullwidth non-hundred-percent-height-scrolling\" style=\"--awb-border-radius-top-left:0px;--awb-border-radius-top-right:0px;--awb-border-radius-bottom-right:0px;--awb-border-radius-bottom-left:0px;--awb-margin-top:50px;--awb-flex-wrap:wrap;\" ><div class=\"fusion-builder-row fusion-row fusion-flex-align-items-flex-start fusion-flex-content-wrap\" style=\"max-width:1248px;margin-left: calc(-4% \/ 2 );margin-right: calc(-4% \/ 2 );\"><div class=\"fusion-layout-column fusion_builder_column fusion-builder-column-0 fusion_builder_column_1_1 1_1 fusion-flex-column\" style=\"--awb-bg-size:cover;--awb-width-large:100%;--awb-margin-top-large:0px;--awb-spacing-right-large:1.92%;--awb-margin-bottom-large:0px;--awb-spacing-left-large:1.92%;--awb-width-medium:100%;--awb-spacing-right-medium:1.92%;--awb-spacing-left-medium:1.92%;--awb-width-small:100%;--awb-spacing-right-small:1.92%;--awb-spacing-left-small:1.92%;\"><div class=\"fusion-column-wrapper fusion-flex-justify-content-flex-start fusion-content-layout-column\"><div class=\"fusion-text fusion-text-1\"><p><strong>RESPONSABLE DEL TRATAMIENTO<\/strong><\/p>\n<p><b>Jov\u00e9 Vi\u00f1es S.L.<\/b>, B25028515, con domicilio en Pol\u00edgono Sant Jordi, Parc. 1, 25613, Camarasa (Lleida), tel\u00e9fono 973 420 007 y correo&nbsp;<a href=\"mailto:info@jovevinyes.com\" target=\"_blank\" rel=\"noopener noreferrer\">info@jovevinyes.com<\/a>.<\/p>\n<p><strong>PROP\u00d3SITO<\/strong><\/p>\n<p>La finalidad de la creaci\u00f3n, existencia y mantenimiento es el tratamiento de los datos con las finalidades exclusivas de cumplir nuestra relaci\u00f3n comercial, y facturarla.<\/p>\n<p><strong>LEGITIMACI\u00d3N<\/strong><\/p>\n<p>La base legal para el tratamiento de sus datos es la ejecuci\u00f3n de la relaci\u00f3n comercial entre el interesado y el responsable del tratamiento y esta informaci\u00f3n personal se mantendr\u00e1 durante el tiempo en que se mantenga la relaci\u00f3n comercial\/contractual o durante el tiempo estrictamente necesario para cumplir con las obligaciones legales.<\/p>\n<p><strong>PERIODO DE CONSERVACI\u00d3N<\/strong><\/p>\n<p>Los datos proporcionados se conservar\u00e1n durante el tiempo que se mantenga la relaci\u00f3n comercial o durante los a\u00f1os necesarios para cumplir con las obligaciones legales<\/p>\n<p><strong>DESTINATARIOS<\/strong><\/p>\n<p>Para la duraci\u00f3n del tratamiento del interesado,&nbsp;<b>Jov\u00e9 Vi\u00f1es<\/b>&nbsp;no ceder\u00e1 los datos a terceras personas, salvo que tenga una obligaci\u00f3n legal.<\/p>\n<p>En los supuestos en los que, para la realizaci\u00f3n de tratamientos administrativos, fiscales, contables y\/o comerciales, los servicios de terceros estar\u00e1n debidamente concluidos, se formalizar\u00e1 debidamente el contrato de tratamiento obligatorio, a fin de garantizar la seguridad y confidencialidad de los datos del interesado ante terceras personas.<\/p>\n<p><strong>DERECHOS<\/strong><\/p>\n<p>Las personas interesadas tienen derecho a acceder a sus datos personales, as\u00ed como a solicitar la rectificaci\u00f3n de los datos inexactos o, en su caso, solicitar la supresi\u00f3n cuando, entre otros motivos, el dato ya no sea necesario para la finalidad que fue as\u00ed como retirar el consentimiento otorgado. Tambi\u00e9n puede ejercer su derecho a la limitaci\u00f3n del tratamiento, por lo que sus datos no ser\u00e1n eliminados, pero el tratamiento del mismo estar\u00e1 sujeto a limitaciones.<\/p>\n<p>Los ejercicios de portabilidad y automatizaci\u00f3n de decisiones no se aplican en este caso debido al tipo de datos y tratamiento de los mismos.<\/p>\n<\/p>\n<p>&nbsp;<\/p>\n<\/div><\/div><\/div><\/div><\/div><!-- \/wp:post-content -->","protected":false},"excerpt":{"rendered":"","protected":false},"author":1,"featured_media":0,"parent":0,"menu_order":0,"comment_status":"closed","ping_status":"closed","template":"","meta":{"footnotes":""},"class_list":["post-1971","page","type-page","status-publish","hentry"],"yoast_head":"<!-- This site is optimized with the Yoast SEO plugin v24.7 - https:\/\/yoast.com\/wordpress\/plugins\/seo\/ -->\n<title>Pol\u00edtica de privacidad - Jov\u00e9 Vinyes<\/title>\n<meta name=\"robots\" content=\"index, follow, max-snippet:-1, max-image-preview:large, max-video-preview:-1\" \/>\n<link rel=\"canonical\" href=\"https:\/\/jovevinyes.com\/es\/politica-de-privacidad\/\" \/>\n<meta property=\"og:locale\" content=\"es_ES\" \/>\n<meta property=\"og:type\" content=\"article\" \/>\n<meta property=\"og:title\" content=\"Pol\u00edtica de privacidad - Jov\u00e9 Vinyes\" \/>\n<meta property=\"og:url\" content=\"https:\/\/jovevinyes.com\/es\/politica-de-privacidad\/\" \/>\n<meta property=\"og:site_name\" content=\"Jov\u00e9 Vinyes\" \/>\n<meta property=\"article:modified_time\" content=\"2025-03-18T13:42:00+00:00\" \/>\n<meta name=\"twitter:card\" content=\"summary_large_image\" \/>\n<meta name=\"twitter:label1\" content=\"Tiempo de lectura\" \/>\n\t<meta name=\"twitter:data1\" content=\"2 minutos\" \/>\n<script type=\"application\/ld+json\" class=\"yoast-schema-graph\">{\"@context\":\"https:\/\/schema.org\",\"@graph\":[{\"@type\":\"WebPage\",\"@id\":\"https:\/\/jovevinyes.com\/es\/politica-de-privacidad\/\",\"url\":\"https:\/\/jovevinyes.com\/es\/politica-de-privacidad\/\",\"name\":\"Pol\u00edtica de privacidad - Jov\u00e9 Vinyes\",\"isPartOf\":{\"@id\":\"https:\/\/jovevinyes.com\/es\/#website\"},\"datePublished\":\"2024-10-18T06:39:37+00:00\",\"dateModified\":\"2025-03-18T13:42:00+00:00\",\"breadcrumb\":{\"@id\":\"https:\/\/jovevinyes.com\/es\/politica-de-privacidad\/#breadcrumb\"},\"inLanguage\":\"es\",\"potentialAction\":[{\"@type\":\"ReadAction\",\"target\":[\"https:\/\/jovevinyes.com\/es\/politica-de-privacidad\/\"]}]},{\"@type\":\"BreadcrumbList\",\"@id\":\"https:\/\/jovevinyes.com\/es\/politica-de-privacidad\/#breadcrumb\",\"itemListElement\":[{\"@type\":\"ListItem\",\"position\":1,\"name\":\"Inici\",\"item\":\"https:\/\/jovevinyes.com\/es\/\"},{\"@type\":\"ListItem\",\"position\":2,\"name\":\"Pol\u00edtica de privacidad\"}]},{\"@type\":\"WebSite\",\"@id\":\"https:\/\/jovevinyes.com\/es\/#website\",\"url\":\"https:\/\/jovevinyes.com\/es\/\",\"name\":\"Jov\u00e9 Vinyes\",\"description\":\"Marca xarcutera de qualitat\",\"potentialAction\":[{\"@type\":\"SearchAction\",\"target\":{\"@type\":\"EntryPoint\",\"urlTemplate\":\"https:\/\/jovevinyes.com\/es\/?s={search_term_string}\"},\"query-input\":{\"@type\":\"PropertyValueSpecification\",\"valueRequired\":true,\"valueName\":\"search_term_string\"}}],\"inLanguage\":\"es\"}]}<\/script>\n<!-- \/ Yoast SEO plugin. -->","yoast_head_json":{"title":"Pol\u00edtica de privacidad - Jov\u00e9 Vinyes","robots":{"index":"index","follow":"follow","max-snippet":"max-snippet:-1","max-image-preview":"max-image-preview:large","max-video-preview":"max-video-preview:-1"},"canonical":"https:\/\/jovevinyes.com\/es\/politica-de-privacidad\/","og_locale":"es_ES","og_type":"article","og_title":"Pol\u00edtica de privacidad - Jov\u00e9 Vinyes","og_url":"https:\/\/jovevinyes.com\/es\/politica-de-privacidad\/","og_site_name":"Jov\u00e9 Vinyes","article_modified_time":"2025-03-18T13:42:00+00:00","twitter_card":"summary_large_image","twitter_misc":{"Tiempo de lectura":"2 minutos"},"schema":{"@context":"https:\/\/schema.org","@graph":[{"@type":"WebPage","@id":"https:\/\/jovevinyes.com\/es\/politica-de-privacidad\/","url":"https:\/\/jovevinyes.com\/es\/politica-de-privacidad\/","name":"Pol\u00edtica de privacidad - Jov\u00e9 Vinyes","isPartOf":{"@id":"https:\/\/jovevinyes.com\/es\/#website"},"datePublished":"2024-10-18T06:39:37+00:00","dateModified":"2025-03-18T13:42:00+00:00","breadcrumb":{"@id":"https:\/\/jovevinyes.com\/es\/politica-de-privacidad\/#breadcrumb"},"inLanguage":"es","potentialAction":[{"@type":"ReadAction","target":["https:\/\/jovevinyes.com\/es\/politica-de-privacidad\/"]}]},{"@type":"BreadcrumbList","@id":"https:\/\/jovevinyes.com\/es\/politica-de-privacidad\/#breadcrumb","itemListElement":[{"@type":"ListItem","position":1,"name":"Inici","item":"https:\/\/jovevinyes.com\/es\/"},{"@type":"ListItem","position":2,"name":"Pol\u00edtica de privacidad"}]},{"@type":"WebSite","@id":"https:\/\/jovevinyes.com\/es\/#website","url":"https:\/\/jovevinyes.com\/es\/","name":"Jov\u00e9 Vinyes","description":"Marca xarcutera de qualitat","potentialAction":[{"@type":"SearchAction","target":{"@type":"EntryPoint","urlTemplate":"https:\/\/jovevinyes.com\/es\/?s={search_term_string}"},"query-input":{"@type":"PropertyValueSpecification","valueRequired":true,"valueName":"search_term_string"}}],"inLanguage":"es"}]}},"_links":{"self":[{"href":"https:\/\/jovevinyes.com\/es\/wp-json\/wp\/v2\/pages\/1971","targetHints":{"allow":["GET"]}}],"collection":[{"href":"https:\/\/jovevinyes.com\/es\/wp-json\/wp\/v2\/pages"}],"about":[{"href":"https:\/\/jovevinyes.com\/es\/wp-json\/wp\/v2\/types\/page"}],"author":[{"embeddable":true,"href":"https:\/\/jovevinyes.com\/es\/wp-json\/wp\/v2\/users\/1"}],"replies":[{"embeddable":true,"href":"https:\/\/jovevinyes.com\/es\/wp-json\/wp\/v2\/comments?post=1971"}],"version-history":[{"count":2,"href":"https:\/\/jovevinyes.com\/es\/wp-json\/wp\/v2\/pages\/1971\/revisions"}],"predecessor-version":[{"id":1973,"href":"https:\/\/jovevinyes.com\/es\/wp-json\/wp\/v2\/pages\/1971\/revisions\/1973"}],"wp:attachment":[{"href":"https:\/\/jovevinyes.com\/es\/wp-json\/wp\/v2\/media?parent=1971"}],"curies":[{"name":"wp","href":"https:\/\/api.w.org\/{rel}","templated":true}]}}