{"id":2247,"date":"2025-12-02T10:08:05","date_gmt":"2025-12-02T09:08:05","guid":{"rendered":"https:\/\/jovevinyes.com\/product\/jamon-duroc-gran-reserva\/"},"modified":"2025-12-05T11:28:18","modified_gmt":"2025-12-05T10:28:18","slug":"jamon-duroc-gran-reserva","status":"publish","type":"product","link":"https:\/\/jovevinyes.com\/es\/producto\/jamon-duroc-gran-reserva\/","title":{"rendered":"Jam\u00f3n Duroc Gran Reserva"},"content":{"rendered":"","protected":false},"excerpt":{"rendered":"<p><strong>Peso:<\/strong> 6,8kg<\/p>\n<p>Precios a consultar directamente con atenci\u00f3n al cliente:<\/p>\n<p>973 42 00 07<\/p>\n<p>El jam\u00f3n Duroc Gran Reserva Jov\u00e9 Vi\u00f1es es una pieza exclusiva, seleccionada entre los mejores ejemplares de raza Duroc, reconocida por su infiltraci\u00f3n de grasa que aporta una textura tierna y un sabor intenso y equilibrado. Madurado durante un proceso de curaci\u00f3n de 20 meses, este jam\u00f3n adquiere aromas profundos y una jugosidad excepcional, haci\u00e9ndolo perfecto tanto para degustar lonchas finas como para acompa\u00f1ar mesas de quesos y vinos selectos.<\/p>\n<p>Cada Jam\u00f3n Duroc Gran Reserva Jov\u00e9 Vi\u00f1es es el resultado de un proceso artesanal, donde se respetan los tiempos de maduraci\u00f3n para garantizar la m\u00e1xima calidad. Ideal para los aut\u00e9nticos amantes de la buena gastronom\u00eda.<\/p>\n","protected":false},"featured_media":2205,"template":"","meta":[],"product_brand":[],"product_cat":[77],"product_tag":[],"class_list":{"0":"post-2247","1":"product","2":"type-product","3":"status-publish","4":"has-post-thumbnail","6":"product_cat-jamones","8":"first","9":"instock","10":"shipping-taxable","11":"product-type-simple"},"yoast_head":"<!-- This site is optimized with the Yoast SEO plugin v24.7 - https:\/\/yoast.com\/wordpress\/plugins\/seo\/ -->\n<title>Jam\u00f3n Duroc Gran Reserva - Jov\u00e9 Vinyes<\/title>\n<meta name=\"robots\" content=\"index, follow, max-snippet:-1, max-image-preview:large, max-video-preview:-1\" \/>\n<link rel=\"canonical\" href=\"https:\/\/jovevinyes.com\/es\/producto\/jamon-duroc-gran-reserva\/\" \/>\n<meta property=\"og:locale\" content=\"es_ES\" \/>\n<meta property=\"og:type\" content=\"article\" \/>\n<meta property=\"og:title\" content=\"Jam\u00f3n Duroc Gran Reserva - Jov\u00e9 Vinyes\" \/>\n<meta property=\"og:description\" content=\"Peso: 6,8kg  Precios a consultar directamente con atenci\u00f3n al cliente:  973 42 00 07  El jam\u00f3n Duroc Gran Reserva Jov\u00e9 Vi\u00f1es es una pieza exclusiva, seleccionada entre los mejores ejemplares de raza Duroc, reconocida por su infiltraci\u00f3n de grasa que aporta una textura tierna y un sabor intenso y equilibrado. Madurado durante un proceso de curaci\u00f3n de 20 meses, este jam\u00f3n adquiere aromas profundos y una jugosidad excepcional, haci\u00e9ndolo perfecto tanto para degustar lonchas finas como para acompa\u00f1ar mesas de quesos y vinos selectos.  Cada Jam\u00f3n Duroc Gran Reserva Jov\u00e9 Vi\u00f1es es el resultado de un proceso artesanal, donde se respetan los tiempos de maduraci\u00f3n para garantizar la m\u00e1xima calidad. Ideal para los aut\u00e9nticos amantes de la buena gastronom\u00eda.\" \/>\n<meta property=\"og:url\" content=\"https:\/\/jovevinyes.com\/es\/producto\/jamon-duroc-gran-reserva\/\" \/>\n<meta property=\"og:site_name\" content=\"Jov\u00e9 Vinyes\" \/>\n<meta property=\"article:modified_time\" content=\"2025-12-05T10:28:18+00:00\" \/>\n<meta property=\"og:image\" content=\"https:\/\/jovevinyes.com\/wp-content\/uploads\/2025\/12\/Jamon-Duroc-Gran-Reserva-Jove-Vines-68kg-pvp-65E-scaled.jpg\" \/>\n\t<meta property=\"og:image:width\" content=\"1440\" \/>\n\t<meta property=\"og:image:height\" content=\"2560\" \/>\n\t<meta property=\"og:image:type\" content=\"image\/jpeg\" \/>\n<meta name=\"twitter:card\" content=\"summary_large_image\" \/>\n<meta name=\"twitter:label1\" content=\"Tiempo de lectura\" \/>\n\t<meta name=\"twitter:data1\" content=\"1 minuto\" \/>\n<script type=\"application\/ld+json\" class=\"yoast-schema-graph\">{\"@context\":\"https:\/\/schema.org\",\"@graph\":[{\"@type\":\"WebPage\",\"@id\":\"https:\/\/jovevinyes.com\/es\/producto\/jamon-duroc-gran-reserva\/\",\"url\":\"https:\/\/jovevinyes.com\/es\/producto\/jamon-duroc-gran-reserva\/\",\"name\":\"Jam\u00f3n Duroc Gran Reserva - Jov\u00e9 Vinyes\",\"isPartOf\":{\"@id\":\"https:\/\/jovevinyes.com\/es\/#website\"},\"primaryImageOfPage\":{\"@id\":\"https:\/\/jovevinyes.com\/es\/producto\/jamon-duroc-gran-reserva\/#primaryimage\"},\"image\":{\"@id\":\"https:\/\/jovevinyes.com\/es\/producto\/jamon-duroc-gran-reserva\/#primaryimage\"},\"thumbnailUrl\":\"https:\/\/jovevinyes.com\/wp-content\/uploads\/2025\/12\/Jamon-Duroc-Gran-Reserva-Jove-Vines-68kg-pvp-65E-scaled.jpg\",\"datePublished\":\"2025-12-02T09:08:05+00:00\",\"dateModified\":\"2025-12-05T10:28:18+00:00\",\"breadcrumb\":{\"@id\":\"https:\/\/jovevinyes.com\/es\/producto\/jamon-duroc-gran-reserva\/#breadcrumb\"},\"inLanguage\":\"es\",\"potentialAction\":[{\"@type\":\"ReadAction\",\"target\":[\"https:\/\/jovevinyes.com\/es\/producto\/jamon-duroc-gran-reserva\/\"]}]},{\"@type\":\"ImageObject\",\"inLanguage\":\"es\",\"@id\":\"https:\/\/jovevinyes.com\/es\/producto\/jamon-duroc-gran-reserva\/#primaryimage\",\"url\":\"https:\/\/jovevinyes.com\/wp-content\/uploads\/2025\/12\/Jamon-Duroc-Gran-Reserva-Jove-Vines-68kg-pvp-65E-scaled.jpg\",\"contentUrl\":\"https:\/\/jovevinyes.com\/wp-content\/uploads\/2025\/12\/Jamon-Duroc-Gran-Reserva-Jove-Vines-68kg-pvp-65E-scaled.jpg\",\"width\":1440,\"height\":2560},{\"@type\":\"BreadcrumbList\",\"@id\":\"https:\/\/jovevinyes.com\/es\/producto\/jamon-duroc-gran-reserva\/#breadcrumb\",\"itemListElement\":[{\"@type\":\"ListItem\",\"position\":1,\"name\":\"Inici\",\"item\":\"https:\/\/jovevinyes.com\/es\/\"},{\"@type\":\"ListItem\",\"position\":2,\"name\":\"Tienda\",\"item\":\"https:\/\/jovevinyes.com\/botiga\/\"},{\"@type\":\"ListItem\",\"position\":3,\"name\":\"Jam\u00f3n Duroc Gran Reserva\"}]},{\"@type\":\"WebSite\",\"@id\":\"https:\/\/jovevinyes.com\/es\/#website\",\"url\":\"https:\/\/jovevinyes.com\/es\/\",\"name\":\"Jov\u00e9 Vinyes\",\"description\":\"Marca xarcutera de qualitat\",\"potentialAction\":[{\"@type\":\"SearchAction\",\"target\":{\"@type\":\"EntryPoint\",\"urlTemplate\":\"https:\/\/jovevinyes.com\/es\/?s={search_term_string}\"},\"query-input\":{\"@type\":\"PropertyValueSpecification\",\"valueRequired\":true,\"valueName\":\"search_term_string\"}}],\"inLanguage\":\"es\"}]}<\/script>\n<!-- \/ Yoast SEO plugin. -->","yoast_head_json":{"title":"Jam\u00f3n Duroc Gran Reserva - Jov\u00e9 Vinyes","robots":{"index":"index","follow":"follow","max-snippet":"max-snippet:-1","max-image-preview":"max-image-preview:large","max-video-preview":"max-video-preview:-1"},"canonical":"https:\/\/jovevinyes.com\/es\/producto\/jamon-duroc-gran-reserva\/","og_locale":"es_ES","og_type":"article","og_title":"Jam\u00f3n Duroc Gran Reserva - Jov\u00e9 Vinyes","og_description":"Peso: 6,8kg  Precios a consultar directamente con atenci\u00f3n al cliente:  973 42 00 07  El jam\u00f3n Duroc Gran Reserva Jov\u00e9 Vi\u00f1es es una pieza exclusiva, seleccionada entre los mejores ejemplares de raza Duroc, reconocida por su infiltraci\u00f3n de grasa que aporta una textura tierna y un sabor intenso y equilibrado. Madurado durante un proceso de curaci\u00f3n de 20 meses, este jam\u00f3n adquiere aromas profundos y una jugosidad excepcional, haci\u00e9ndolo perfecto tanto para degustar lonchas finas como para acompa\u00f1ar mesas de quesos y vinos selectos.  Cada Jam\u00f3n Duroc Gran Reserva Jov\u00e9 Vi\u00f1es es el resultado de un proceso artesanal, donde se respetan los tiempos de maduraci\u00f3n para garantizar la m\u00e1xima calidad. Ideal para los aut\u00e9nticos amantes de la buena gastronom\u00eda.","og_url":"https:\/\/jovevinyes.com\/es\/producto\/jamon-duroc-gran-reserva\/","og_site_name":"Jov\u00e9 Vinyes","article_modified_time":"2025-12-05T10:28:18+00:00","og_image":[{"width":1440,"height":2560,"url":"https:\/\/jovevinyes.com\/wp-content\/uploads\/2025\/12\/Jamon-Duroc-Gran-Reserva-Jove-Vines-68kg-pvp-65E-scaled.jpg","type":"image\/jpeg"}],"twitter_card":"summary_large_image","twitter_misc":{"Tiempo de lectura":"1 minuto"},"schema":{"@context":"https:\/\/schema.org","@graph":[{"@type":"WebPage","@id":"https:\/\/jovevinyes.com\/es\/producto\/jamon-duroc-gran-reserva\/","url":"https:\/\/jovevinyes.com\/es\/producto\/jamon-duroc-gran-reserva\/","name":"Jam\u00f3n Duroc Gran Reserva - Jov\u00e9 Vinyes","isPartOf":{"@id":"https:\/\/jovevinyes.com\/es\/#website"},"primaryImageOfPage":{"@id":"https:\/\/jovevinyes.com\/es\/producto\/jamon-duroc-gran-reserva\/#primaryimage"},"image":{"@id":"https:\/\/jovevinyes.com\/es\/producto\/jamon-duroc-gran-reserva\/#primaryimage"},"thumbnailUrl":"https:\/\/jovevinyes.com\/wp-content\/uploads\/2025\/12\/Jamon-Duroc-Gran-Reserva-Jove-Vines-68kg-pvp-65E-scaled.jpg","datePublished":"2025-12-02T09:08:05+00:00","dateModified":"2025-12-05T10:28:18+00:00","breadcrumb":{"@id":"https:\/\/jovevinyes.com\/es\/producto\/jamon-duroc-gran-reserva\/#breadcrumb"},"inLanguage":"es","potentialAction":[{"@type":"ReadAction","target":["https:\/\/jovevinyes.com\/es\/producto\/jamon-duroc-gran-reserva\/"]}]},{"@type":"ImageObject","inLanguage":"es","@id":"https:\/\/jovevinyes.com\/es\/producto\/jamon-duroc-gran-reserva\/#primaryimage","url":"https:\/\/jovevinyes.com\/wp-content\/uploads\/2025\/12\/Jamon-Duroc-Gran-Reserva-Jove-Vines-68kg-pvp-65E-scaled.jpg","contentUrl":"https:\/\/jovevinyes.com\/wp-content\/uploads\/2025\/12\/Jamon-Duroc-Gran-Reserva-Jove-Vines-68kg-pvp-65E-scaled.jpg","width":1440,"height":2560},{"@type":"BreadcrumbList","@id":"https:\/\/jovevinyes.com\/es\/producto\/jamon-duroc-gran-reserva\/#breadcrumb","itemListElement":[{"@type":"ListItem","position":1,"name":"Inici","item":"https:\/\/jovevinyes.com\/es\/"},{"@type":"ListItem","position":2,"name":"Tienda","item":"https:\/\/jovevinyes.com\/botiga\/"},{"@type":"ListItem","position":3,"name":"Jam\u00f3n Duroc Gran Reserva"}]},{"@type":"WebSite","@id":"https:\/\/jovevinyes.com\/es\/#website","url":"https:\/\/jovevinyes.com\/es\/","name":"Jov\u00e9 Vinyes","description":"Marca xarcutera de qualitat","potentialAction":[{"@type":"SearchAction","target":{"@type":"EntryPoint","urlTemplate":"https:\/\/jovevinyes.com\/es\/?s={search_term_string}"},"query-input":{"@type":"PropertyValueSpecification","valueRequired":true,"valueName":"search_term_string"}}],"inLanguage":"es"}]}},"_links":{"self":[{"href":"https:\/\/jovevinyes.com\/es\/wp-json\/wp\/v2\/product\/2247","targetHints":{"allow":["GET"]}}],"collection":[{"href":"https:\/\/jovevinyes.com\/es\/wp-json\/wp\/v2\/product"}],"about":[{"href":"https:\/\/jovevinyes.com\/es\/wp-json\/wp\/v2\/types\/product"}],"wp:featuredmedia":[{"embeddable":true,"href":"https:\/\/jovevinyes.com\/es\/wp-json\/wp\/v2\/media\/2205"}],"wp:attachment":[{"href":"https:\/\/jovevinyes.com\/es\/wp-json\/wp\/v2\/media?parent=2247"}],"wp:term":[{"taxonomy":"product_brand","embeddable":true,"href":"https:\/\/jovevinyes.com\/es\/wp-json\/wp\/v2\/product_brand?post=2247"},{"taxonomy":"product_cat","embeddable":true,"href":"https:\/\/jovevinyes.com\/es\/wp-json\/wp\/v2\/product_cat?post=2247"},{"taxonomy":"product_tag","embeddable":true,"href":"https:\/\/jovevinyes.com\/es\/wp-json\/wp\/v2\/product_tag?post=2247"}],"curies":[{"name":"wp","href":"https:\/\/api.w.org\/{rel}","templated":true}]}}