{"id":2251,"date":"2025-12-02T10:32:20","date_gmt":"2025-12-02T09:32:20","guid":{"rendered":"https:\/\/jovevinyes.com\/product\/paleta-iberica-bellota-100-raca-iberica\/"},"modified":"2025-12-05T11:31:08","modified_gmt":"2025-12-05T10:31:08","slug":"paleta-iberica-bellota-100-raca-iberica","status":"publish","type":"product","link":"https:\/\/jovevinyes.com\/es\/producto\/paleta-iberica-bellota-100-raca-iberica\/","title":{"rendered":"Paleta ib\u00e9rica bellota 100 ra\u00e7a ib\u00e9rica"},"content":{"rendered":"","protected":false},"excerpt":{"rendered":"<p>Precios a consultar directamente con atenci\u00f3n al cliente:<\/p>\n<p>973 42 00 07<\/p>\n","protected":false},"featured_media":2221,"template":"","meta":[],"product_brand":[],"product_cat":[77],"product_tag":[],"class_list":{"0":"post-2251","1":"product","2":"type-product","3":"status-publish","4":"has-post-thumbnail","6":"product_cat-jamones","8":"first","9":"instock","10":"shipping-taxable","11":"product-type-simple"},"yoast_head":"<!-- This site is optimized with the Yoast SEO plugin v24.7 - https:\/\/yoast.com\/wordpress\/plugins\/seo\/ -->\n<title>Paleta ib\u00e9rica bellota 100 ra\u00e7a ib\u00e9rica - Jov\u00e9 Vinyes<\/title>\n<meta name=\"robots\" content=\"index, follow, max-snippet:-1, max-image-preview:large, max-video-preview:-1\" \/>\n<link rel=\"canonical\" href=\"https:\/\/jovevinyes.com\/es\/producto\/paleta-iberica-bellota-100-raca-iberica\/\" \/>\n<meta property=\"og:locale\" content=\"es_ES\" \/>\n<meta property=\"og:type\" content=\"article\" \/>\n<meta property=\"og:title\" content=\"Paleta ib\u00e9rica bellota 100 ra\u00e7a ib\u00e9rica - Jov\u00e9 Vinyes\" \/>\n<meta property=\"og:description\" content=\"Precios a consultar directamente con atenci\u00f3n al cliente:  973 42 00 07\" \/>\n<meta property=\"og:url\" content=\"https:\/\/jovevinyes.com\/es\/producto\/paleta-iberica-bellota-100-raca-iberica\/\" \/>\n<meta property=\"og:site_name\" content=\"Jov\u00e9 Vinyes\" \/>\n<meta property=\"article:modified_time\" content=\"2025-12-05T10:31:08+00:00\" \/>\n<meta property=\"og:image\" content=\"https:\/\/jovevinyes.com\/wp-content\/uploads\/2025\/12\/Paleta-iberica-Bellota-100-Raza-Iberica-Jove-Vines-pvp-11E-scaled.jpg\" \/>\n\t<meta property=\"og:image:width\" content=\"1440\" \/>\n\t<meta property=\"og:image:height\" content=\"2560\" \/>\n\t<meta property=\"og:image:type\" content=\"image\/jpeg\" \/>\n<meta name=\"twitter:card\" content=\"summary_large_image\" \/>\n<meta name=\"twitter:label1\" content=\"Tiempo de lectura\" \/>\n\t<meta name=\"twitter:data1\" content=\"1 minuto\" \/>\n<script type=\"application\/ld+json\" class=\"yoast-schema-graph\">{\"@context\":\"https:\/\/schema.org\",\"@graph\":[{\"@type\":\"WebPage\",\"@id\":\"https:\/\/jovevinyes.com\/es\/producto\/paleta-iberica-bellota-100-raca-iberica\/\",\"url\":\"https:\/\/jovevinyes.com\/es\/producto\/paleta-iberica-bellota-100-raca-iberica\/\",\"name\":\"Paleta ib\u00e9rica bellota 100 ra\u00e7a ib\u00e9rica - Jov\u00e9 Vinyes\",\"isPartOf\":{\"@id\":\"https:\/\/jovevinyes.com\/es\/#website\"},\"primaryImageOfPage\":{\"@id\":\"https:\/\/jovevinyes.com\/es\/producto\/paleta-iberica-bellota-100-raca-iberica\/#primaryimage\"},\"image\":{\"@id\":\"https:\/\/jovevinyes.com\/es\/producto\/paleta-iberica-bellota-100-raca-iberica\/#primaryimage\"},\"thumbnailUrl\":\"https:\/\/jovevinyes.com\/wp-content\/uploads\/2025\/12\/Paleta-iberica-Bellota-100-Raza-Iberica-Jove-Vines-pvp-11E-scaled.jpg\",\"datePublished\":\"2025-12-02T09:32:20+00:00\",\"dateModified\":\"2025-12-05T10:31:08+00:00\",\"breadcrumb\":{\"@id\":\"https:\/\/jovevinyes.com\/es\/producto\/paleta-iberica-bellota-100-raca-iberica\/#breadcrumb\"},\"inLanguage\":\"es\",\"potentialAction\":[{\"@type\":\"ReadAction\",\"target\":[\"https:\/\/jovevinyes.com\/es\/producto\/paleta-iberica-bellota-100-raca-iberica\/\"]}]},{\"@type\":\"ImageObject\",\"inLanguage\":\"es\",\"@id\":\"https:\/\/jovevinyes.com\/es\/producto\/paleta-iberica-bellota-100-raca-iberica\/#primaryimage\",\"url\":\"https:\/\/jovevinyes.com\/wp-content\/uploads\/2025\/12\/Paleta-iberica-Bellota-100-Raza-Iberica-Jove-Vines-pvp-11E-scaled.jpg\",\"contentUrl\":\"https:\/\/jovevinyes.com\/wp-content\/uploads\/2025\/12\/Paleta-iberica-Bellota-100-Raza-Iberica-Jove-Vines-pvp-11E-scaled.jpg\",\"width\":1440,\"height\":2560},{\"@type\":\"BreadcrumbList\",\"@id\":\"https:\/\/jovevinyes.com\/es\/producto\/paleta-iberica-bellota-100-raca-iberica\/#breadcrumb\",\"itemListElement\":[{\"@type\":\"ListItem\",\"position\":1,\"name\":\"Inici\",\"item\":\"https:\/\/jovevinyes.com\/es\/\"},{\"@type\":\"ListItem\",\"position\":2,\"name\":\"Tienda\",\"item\":\"https:\/\/jovevinyes.com\/botiga\/\"},{\"@type\":\"ListItem\",\"position\":3,\"name\":\"Paleta ib\u00e9rica bellota 100 ra\u00e7a ib\u00e9rica\"}]},{\"@type\":\"WebSite\",\"@id\":\"https:\/\/jovevinyes.com\/es\/#website\",\"url\":\"https:\/\/jovevinyes.com\/es\/\",\"name\":\"Jov\u00e9 Vinyes\",\"description\":\"Marca xarcutera de qualitat\",\"potentialAction\":[{\"@type\":\"SearchAction\",\"target\":{\"@type\":\"EntryPoint\",\"urlTemplate\":\"https:\/\/jovevinyes.com\/es\/?s={search_term_string}\"},\"query-input\":{\"@type\":\"PropertyValueSpecification\",\"valueRequired\":true,\"valueName\":\"search_term_string\"}}],\"inLanguage\":\"es\"}]}<\/script>\n<!-- \/ Yoast SEO plugin. -->","yoast_head_json":{"title":"Paleta ib\u00e9rica bellota 100 ra\u00e7a ib\u00e9rica - Jov\u00e9 Vinyes","robots":{"index":"index","follow":"follow","max-snippet":"max-snippet:-1","max-image-preview":"max-image-preview:large","max-video-preview":"max-video-preview:-1"},"canonical":"https:\/\/jovevinyes.com\/es\/producto\/paleta-iberica-bellota-100-raca-iberica\/","og_locale":"es_ES","og_type":"article","og_title":"Paleta ib\u00e9rica bellota 100 ra\u00e7a ib\u00e9rica - Jov\u00e9 Vinyes","og_description":"Precios a consultar directamente con atenci\u00f3n al cliente:  973 42 00 07","og_url":"https:\/\/jovevinyes.com\/es\/producto\/paleta-iberica-bellota-100-raca-iberica\/","og_site_name":"Jov\u00e9 Vinyes","article_modified_time":"2025-12-05T10:31:08+00:00","og_image":[{"width":1440,"height":2560,"url":"https:\/\/jovevinyes.com\/wp-content\/uploads\/2025\/12\/Paleta-iberica-Bellota-100-Raza-Iberica-Jove-Vines-pvp-11E-scaled.jpg","type":"image\/jpeg"}],"twitter_card":"summary_large_image","twitter_misc":{"Tiempo de lectura":"1 minuto"},"schema":{"@context":"https:\/\/schema.org","@graph":[{"@type":"WebPage","@id":"https:\/\/jovevinyes.com\/es\/producto\/paleta-iberica-bellota-100-raca-iberica\/","url":"https:\/\/jovevinyes.com\/es\/producto\/paleta-iberica-bellota-100-raca-iberica\/","name":"Paleta ib\u00e9rica bellota 100 ra\u00e7a ib\u00e9rica - Jov\u00e9 Vinyes","isPartOf":{"@id":"https:\/\/jovevinyes.com\/es\/#website"},"primaryImageOfPage":{"@id":"https:\/\/jovevinyes.com\/es\/producto\/paleta-iberica-bellota-100-raca-iberica\/#primaryimage"},"image":{"@id":"https:\/\/jovevinyes.com\/es\/producto\/paleta-iberica-bellota-100-raca-iberica\/#primaryimage"},"thumbnailUrl":"https:\/\/jovevinyes.com\/wp-content\/uploads\/2025\/12\/Paleta-iberica-Bellota-100-Raza-Iberica-Jove-Vines-pvp-11E-scaled.jpg","datePublished":"2025-12-02T09:32:20+00:00","dateModified":"2025-12-05T10:31:08+00:00","breadcrumb":{"@id":"https:\/\/jovevinyes.com\/es\/producto\/paleta-iberica-bellota-100-raca-iberica\/#breadcrumb"},"inLanguage":"es","potentialAction":[{"@type":"ReadAction","target":["https:\/\/jovevinyes.com\/es\/producto\/paleta-iberica-bellota-100-raca-iberica\/"]}]},{"@type":"ImageObject","inLanguage":"es","@id":"https:\/\/jovevinyes.com\/es\/producto\/paleta-iberica-bellota-100-raca-iberica\/#primaryimage","url":"https:\/\/jovevinyes.com\/wp-content\/uploads\/2025\/12\/Paleta-iberica-Bellota-100-Raza-Iberica-Jove-Vines-pvp-11E-scaled.jpg","contentUrl":"https:\/\/jovevinyes.com\/wp-content\/uploads\/2025\/12\/Paleta-iberica-Bellota-100-Raza-Iberica-Jove-Vines-pvp-11E-scaled.jpg","width":1440,"height":2560},{"@type":"BreadcrumbList","@id":"https:\/\/jovevinyes.com\/es\/producto\/paleta-iberica-bellota-100-raca-iberica\/#breadcrumb","itemListElement":[{"@type":"ListItem","position":1,"name":"Inici","item":"https:\/\/jovevinyes.com\/es\/"},{"@type":"ListItem","position":2,"name":"Tienda","item":"https:\/\/jovevinyes.com\/botiga\/"},{"@type":"ListItem","position":3,"name":"Paleta ib\u00e9rica bellota 100 ra\u00e7a ib\u00e9rica"}]},{"@type":"WebSite","@id":"https:\/\/jovevinyes.com\/es\/#website","url":"https:\/\/jovevinyes.com\/es\/","name":"Jov\u00e9 Vinyes","description":"Marca xarcutera de qualitat","potentialAction":[{"@type":"SearchAction","target":{"@type":"EntryPoint","urlTemplate":"https:\/\/jovevinyes.com\/es\/?s={search_term_string}"},"query-input":{"@type":"PropertyValueSpecification","valueRequired":true,"valueName":"search_term_string"}}],"inLanguage":"es"}]}},"_links":{"self":[{"href":"https:\/\/jovevinyes.com\/es\/wp-json\/wp\/v2\/product\/2251","targetHints":{"allow":["GET"]}}],"collection":[{"href":"https:\/\/jovevinyes.com\/es\/wp-json\/wp\/v2\/product"}],"about":[{"href":"https:\/\/jovevinyes.com\/es\/wp-json\/wp\/v2\/types\/product"}],"wp:featuredmedia":[{"embeddable":true,"href":"https:\/\/jovevinyes.com\/es\/wp-json\/wp\/v2\/media\/2221"}],"wp:attachment":[{"href":"https:\/\/jovevinyes.com\/es\/wp-json\/wp\/v2\/media?parent=2251"}],"wp:term":[{"taxonomy":"product_brand","embeddable":true,"href":"https:\/\/jovevinyes.com\/es\/wp-json\/wp\/v2\/product_brand?post=2251"},{"taxonomy":"product_cat","embeddable":true,"href":"https:\/\/jovevinyes.com\/es\/wp-json\/wp\/v2\/product_cat?post=2251"},{"taxonomy":"product_tag","embeddable":true,"href":"https:\/\/jovevinyes.com\/es\/wp-json\/wp\/v2\/product_tag?post=2251"}],"curies":[{"name":"wp","href":"https:\/\/api.w.org\/{rel}","templated":true}]}}