{"id":1871,"date":"2025-03-11T13:10:50","date_gmt":"2025-03-11T12:10:50","guid":{"rendered":"https:\/\/jovevinyes.com\/?page_id=1871"},"modified":"2025-03-13T17:18:53","modified_gmt":"2025-03-13T16:18:53","slug":"mentions-legales","status":"publish","type":"page","link":"https:\/\/jovevinyes.com\/fr\/mentions-legales\/","title":{"rendered":"Mentions L\u00e9gales"},"content":{"rendered":"<p data-start=\"91\" data-end=\"500\">Le pr\u00e9sent avis l\u00e9gal a pour objet d\u2019informer les utilisateurs de <strong data-start=\"157\" data-end=\"175\">jovevinyes.com<\/strong>, domicili\u00e9 \u00e0 <strong data-start=\"189\" data-end=\"246\">Pol\u00edgon Sant Jordi, Parc. 1, 25613, Camarasa (Lleida)<\/strong>, dont la raison sociale est <strong data-start=\"275\" data-end=\"294\">Jov\u00e9 Vi\u00f1es S.L.<\/strong>, sur la confidentialit\u00e9 et la protection des donn\u00e9es personnelles conform\u00e9ment au <strong data-start=\"377\" data-end=\"435\">R\u00e8glement G\u00e9n\u00e9ral sur la Protection des Donn\u00e9es (RGPD)<\/strong>, que les utilisateurs fournissent librement et volontairement.<\/p>\n<p data-start=\"502\" data-end=\"705\"><strong data-start=\"502\" data-end=\"521\">Jov\u00e9 Vi\u00f1es S.L.<\/strong> informe qu&rsquo;elle dispose de vos donn\u00e9es personnelles sp\u00e9cifi\u00e9es dans le registre des activit\u00e9s de traitement de l\u2019entreprise, sous la d\u00e9nomination <strong data-start=\"668\" data-end=\"702\">\u00ab\u00a0gestion des utilisateurs web\u00a0\u00bb<\/strong>.<\/p>\n<p data-start=\"707\" data-end=\"896\">La base l\u00e9gale pour le traitement de vos donn\u00e9es est le consentement obtenu du responsable du traitement au moment du remplissage de notre formulaire en ligne et son acceptation expresse.<\/p>\n<p data-start=\"898\" data-end=\"1062\">L\u2019objectif de la collecte, de l&rsquo;existence et du maintien des donn\u00e9es est leur traitement dans le but exclusif de r\u00e9pondre efficacement aux demandes d&rsquo;information.<\/p>\n<p data-start=\"1064\" data-end=\"1267\">Les destinataires de ces informations sont tous les d\u00e9partements, divisions, locaux et organismes associ\u00e9s \u00e0 <strong data-start=\"1173\" data-end=\"1192\">Jov\u00e9 Vi\u00f1es S.L.<\/strong>, et elles ne seront pas transf\u00e9r\u00e9es \u00e0 des tiers, sauf obligation l\u00e9gale.<\/p>\n<p data-start=\"1269\" data-end=\"1554\">En tout \u00e9tat de cause, vous avez le droit d\u2019obtenir confirmation que <strong data-start=\"1338\" data-end=\"1357\">Jov\u00e9 Vi\u00f1es S.L.<\/strong> traite vos donn\u00e9es personnelles et, le cas \u00e9ch\u00e9ant, d\u2019acc\u00e9der \u00e0 ces donn\u00e9es, de rectifier les informations inexactes ou de demander leur suppression lorsque les donn\u00e9es ne sont plus n\u00e9cessaires.<\/p>\n<p data-start=\"1556\" data-end=\"1704\">Tous les champs du formulaire en ligne marqu\u00e9s d\u2019un ast\u00e9risque sont obligatoires afin de pouvoir traiter efficacement votre demande d\u2019information.<\/p>\n<p data-start=\"1706\" data-end=\"2319\">Le site <strong data-start=\"1714\" data-end=\"1732\">jovevinyes.com<\/strong> a adopt\u00e9 les mesures techniques et organisationnelles n\u00e9cessaires, conform\u00e9ment aux normes l\u00e9gales de s\u00e9curit\u00e9 de protection des donn\u00e9es, afin de garantir la s\u00e9curit\u00e9 du traitement des donn\u00e9es personnelles contenues dans le fichier automatis\u00e9. Toutefois, l&rsquo;utilisateur doit \u00eatre conscient qu\u2019actuellement, les mesures de s\u00e9curit\u00e9 sur Internet ne sont pas infaillibles et qu\u2019il existe donc un risque d\u2019intrusions ill\u00e9gales, qui ne sauraient \u00eatre imput\u00e9es \u00e0 <strong data-start=\"2189\" data-end=\"2208\">Jov\u00e9 Vi\u00f1es S.L.<\/strong>, celle-ci ayant mis en \u0153uvre toutes les diligences requises pour prot\u00e9ger les donn\u00e9es conform\u00e9ment \u00e0 la loi.<\/p>\n<p data-start=\"2321\" data-end=\"2799\">Le site <strong data-start=\"2329\" data-end=\"2347\">jovevinyes.com<\/strong> utilise des <strong data-start=\"2360\" data-end=\"2371\">cookies<\/strong> ou d&rsquo;autres technologies similaires \u00e0 des fins purement statistiques. Ces informations sont collect\u00e9es de mani\u00e8re automatique et anonyme, sans permettre l&rsquo;identification individuelle des utilisateurs. L\u2019utilisateur peut emp\u00eacher le fonctionnement des cookies via les param\u00e8tres de son navigateur. Les utilisateurs souhaitant d\u00e9sactiver les cookies sont invit\u00e9s \u00e0 consulter les options d\u2019aide des navigateurs qu&rsquo;ils utilisent.<\/p>\n<p data-start=\"2801\" data-end=\"3156\">Le site <strong data-start=\"2809\" data-end=\"2827\">jovevinyes.com<\/strong> s&rsquo;efforcera de maintenir ses donn\u00e9es \u00e0 jour. Toutefois, la responsabilit\u00e9 de l&rsquo;exactitude des donn\u00e9es repose sur leur titulaire. Ainsi, en cas de modification de vos informations, vous \u00eates tenu d\u2019en informer le responsable du traitement. <strong data-start=\"3067\" data-end=\"3086\">Jov\u00e9 Vi\u00f1es S.L.<\/strong> d\u00e9cline toute responsabilit\u00e9 en cas d\u2019omission de cette obligation.<\/p>\n<p data-start=\"3158\" data-end=\"3431\">La prestation de services de ce site web ainsi que ces conditions d\u2019utilisation sont r\u00e9gies par la <strong data-start=\"3257\" data-end=\"3282\">l\u00e9gislation espagnole<\/strong>. En cas de litige relatif \u00e0 l\u2019ex\u00e9cution, l\u2019interpr\u00e9tation ou le respect de ces conditions, les parties se soumettent aux <strong data-start=\"3404\" data-end=\"3428\">tribunaux comp\u00e9tents<\/strong>.<\/p>\n","protected":false},"excerpt":{"rendered":"<p>Le pr\u00e9sent avis l\u00e9gal a pour objet d\u2019informer les utilisateurs [&hellip;]<\/p>\n","protected":false},"author":1,"featured_media":0,"parent":0,"menu_order":0,"comment_status":"closed","ping_status":"closed","template":"","meta":{"footnotes":""},"class_list":["post-1871","page","type-page","status-publish","hentry"],"yoast_head":"<!-- This site is optimized with the Yoast SEO plugin v24.7 - https:\/\/yoast.com\/wordpress\/plugins\/seo\/ -->\n<title>Mentions L\u00e9gales - Jov\u00e9 Vinyes<\/title>\n<meta name=\"robots\" content=\"index, follow, max-snippet:-1, max-image-preview:large, max-video-preview:-1\" \/>\n<link rel=\"canonical\" href=\"https:\/\/jovevinyes.com\/fr\/mentions-legales\/\" \/>\n<meta property=\"og:locale\" content=\"fr_FR\" \/>\n<meta property=\"og:type\" content=\"article\" \/>\n<meta property=\"og:title\" content=\"Mentions L\u00e9gales - Jov\u00e9 Vinyes\" \/>\n<meta property=\"og:description\" content=\"Le pr\u00e9sent avis l\u00e9gal a pour objet d\u2019informer les utilisateurs [&hellip;]\" \/>\n<meta property=\"og:url\" content=\"https:\/\/jovevinyes.com\/fr\/mentions-legales\/\" \/>\n<meta property=\"og:site_name\" content=\"Jov\u00e9 Vinyes\" \/>\n<meta property=\"article:modified_time\" content=\"2025-03-13T16:18:53+00:00\" \/>\n<meta name=\"twitter:card\" content=\"summary_large_image\" \/>\n<script type=\"application\/ld+json\" class=\"yoast-schema-graph\">{\"@context\":\"https:\/\/schema.org\",\"@graph\":[{\"@type\":\"WebPage\",\"@id\":\"https:\/\/jovevinyes.com\/fr\/mentions-legales\/\",\"url\":\"https:\/\/jovevinyes.com\/fr\/mentions-legales\/\",\"name\":\"Mentions L\u00e9gales - Jov\u00e9 Vinyes\",\"isPartOf\":{\"@id\":\"https:\/\/jovevinyes.com\/fr\/#website\"},\"datePublished\":\"2025-03-11T12:10:50+00:00\",\"dateModified\":\"2025-03-13T16:18:53+00:00\",\"breadcrumb\":{\"@id\":\"https:\/\/jovevinyes.com\/fr\/mentions-legales\/#breadcrumb\"},\"inLanguage\":\"fr-FR\",\"potentialAction\":[{\"@type\":\"ReadAction\",\"target\":[\"https:\/\/jovevinyes.com\/fr\/mentions-legales\/\"]}]},{\"@type\":\"BreadcrumbList\",\"@id\":\"https:\/\/jovevinyes.com\/fr\/mentions-legales\/#breadcrumb\",\"itemListElement\":[{\"@type\":\"ListItem\",\"position\":1,\"name\":\"Inici\",\"item\":\"https:\/\/jovevinyes.com\/fr\/\"},{\"@type\":\"ListItem\",\"position\":2,\"name\":\"Mentions L\u00e9gales\"}]},{\"@type\":\"WebSite\",\"@id\":\"https:\/\/jovevinyes.com\/fr\/#website\",\"url\":\"https:\/\/jovevinyes.com\/fr\/\",\"name\":\"Jov\u00e9 Vinyes\",\"description\":\"Marca xarcutera de qualitat\",\"potentialAction\":[{\"@type\":\"SearchAction\",\"target\":{\"@type\":\"EntryPoint\",\"urlTemplate\":\"https:\/\/jovevinyes.com\/fr\/?s={search_term_string}\"},\"query-input\":{\"@type\":\"PropertyValueSpecification\",\"valueRequired\":true,\"valueName\":\"search_term_string\"}}],\"inLanguage\":\"fr-FR\"}]}<\/script>\n<!-- \/ Yoast SEO plugin. -->","yoast_head_json":{"title":"Mentions L\u00e9gales - Jov\u00e9 Vinyes","robots":{"index":"index","follow":"follow","max-snippet":"max-snippet:-1","max-image-preview":"max-image-preview:large","max-video-preview":"max-video-preview:-1"},"canonical":"https:\/\/jovevinyes.com\/fr\/mentions-legales\/","og_locale":"fr_FR","og_type":"article","og_title":"Mentions L\u00e9gales - Jov\u00e9 Vinyes","og_description":"Le pr\u00e9sent avis l\u00e9gal a pour objet d\u2019informer les utilisateurs [&hellip;]","og_url":"https:\/\/jovevinyes.com\/fr\/mentions-legales\/","og_site_name":"Jov\u00e9 Vinyes","article_modified_time":"2025-03-13T16:18:53+00:00","twitter_card":"summary_large_image","schema":{"@context":"https:\/\/schema.org","@graph":[{"@type":"WebPage","@id":"https:\/\/jovevinyes.com\/fr\/mentions-legales\/","url":"https:\/\/jovevinyes.com\/fr\/mentions-legales\/","name":"Mentions L\u00e9gales - Jov\u00e9 Vinyes","isPartOf":{"@id":"https:\/\/jovevinyes.com\/fr\/#website"},"datePublished":"2025-03-11T12:10:50+00:00","dateModified":"2025-03-13T16:18:53+00:00","breadcrumb":{"@id":"https:\/\/jovevinyes.com\/fr\/mentions-legales\/#breadcrumb"},"inLanguage":"fr-FR","potentialAction":[{"@type":"ReadAction","target":["https:\/\/jovevinyes.com\/fr\/mentions-legales\/"]}]},{"@type":"BreadcrumbList","@id":"https:\/\/jovevinyes.com\/fr\/mentions-legales\/#breadcrumb","itemListElement":[{"@type":"ListItem","position":1,"name":"Inici","item":"https:\/\/jovevinyes.com\/fr\/"},{"@type":"ListItem","position":2,"name":"Mentions L\u00e9gales"}]},{"@type":"WebSite","@id":"https:\/\/jovevinyes.com\/fr\/#website","url":"https:\/\/jovevinyes.com\/fr\/","name":"Jov\u00e9 Vinyes","description":"Marca xarcutera de qualitat","potentialAction":[{"@type":"SearchAction","target":{"@type":"EntryPoint","urlTemplate":"https:\/\/jovevinyes.com\/fr\/?s={search_term_string}"},"query-input":{"@type":"PropertyValueSpecification","valueRequired":true,"valueName":"search_term_string"}}],"inLanguage":"fr-FR"}]}},"_links":{"self":[{"href":"https:\/\/jovevinyes.com\/fr\/wp-json\/wp\/v2\/pages\/1871","targetHints":{"allow":["GET"]}}],"collection":[{"href":"https:\/\/jovevinyes.com\/fr\/wp-json\/wp\/v2\/pages"}],"about":[{"href":"https:\/\/jovevinyes.com\/fr\/wp-json\/wp\/v2\/types\/page"}],"author":[{"embeddable":true,"href":"https:\/\/jovevinyes.com\/fr\/wp-json\/wp\/v2\/users\/1"}],"replies":[{"embeddable":true,"href":"https:\/\/jovevinyes.com\/fr\/wp-json\/wp\/v2\/comments?post=1871"}],"version-history":[{"count":1,"href":"https:\/\/jovevinyes.com\/fr\/wp-json\/wp\/v2\/pages\/1871\/revisions"}],"predecessor-version":[{"id":1872,"href":"https:\/\/jovevinyes.com\/fr\/wp-json\/wp\/v2\/pages\/1871\/revisions\/1872"}],"wp:attachment":[{"href":"https:\/\/jovevinyes.com\/fr\/wp-json\/wp\/v2\/media?parent=1871"}],"curies":[{"name":"wp","href":"https:\/\/api.w.org\/{rel}","templated":true}]}}