{"id":1930,"date":"2021-01-14T10:55:41","date_gmt":"2021-01-14T09:55:41","guid":{"rendered":"https:\/\/jovevinyes.com\/?page_id=1930"},"modified":"2025-05-29T16:43:52","modified_gmt":"2025-05-29T14:43:52","slug":"contact","status":"publish","type":"page","link":"https:\/\/jovevinyes.com\/fr\/contact\/","title":{"rendered":"Contact"},"content":{"rendered":"<p><div class=\"fusion-fullwidth fullwidth-box fusion-builder-row-1 fusion-flex-container has-pattern-background has-mask-background hundred-percent-fullwidth non-hundred-percent-height-scrolling fusion-animated\" style=\"--awb-border-radius-top-left:0px;--awb-border-radius-top-right:0px;--awb-border-radius-bottom-right:0px;--awb-border-radius-bottom-left:0px;--awb-padding-top:0px;--awb-padding-right:0px;--awb-padding-bottom:0px;--awb-padding-left:0px;--awb-margin-top:0px;--awb-margin-bottom:0px;--awb-flex-wrap:wrap;\" data-animationType=\"revealInLeft\" data-animationDuration=\"1.5\" data-animationOffset=\"top-into-view\" ><div class=\"fusion-builder-row fusion-row fusion-flex-align-items-flex-start fusion-flex-content-wrap\" style=\"width:104% !important;max-width:104% !important;margin-left: calc(-4% \/ 2 );margin-right: calc(-4% \/ 2 );\"><div class=\"fusion-layout-column fusion_builder_column fusion-builder-column-0 fusion_builder_column_1_1 1_1 fusion-flex-column\" style=\"--awb-bg-size:cover;--awb-width-large:100%;--awb-margin-top-large:0px;--awb-spacing-right-large:1.92%;--awb-margin-bottom-large:20px;--awb-spacing-left-large:1.92%;--awb-width-medium:100%;--awb-order-medium:0;--awb-spacing-right-medium:1.92%;--awb-spacing-left-medium:1.92%;--awb-width-small:100%;--awb-order-small:0;--awb-spacing-right-small:1.92%;--awb-spacing-left-small:1.92%;\"><div class=\"fusion-column-wrapper fusion-column-has-shadow fusion-flex-justify-content-flex-start fusion-content-layout-column\"><div class=\"fusion-text fusion-text-1\"><p><iframe style=\"border: 0;\" src=\"https:\/\/www.google.com\/maps\/embed?pb=!1m14!1m8!1m3!1d23770.55570049911!2d0.8560869522705075!3d41.864472715652674!3m2!1i1024!2i768!4f13.1!3m3!1m2!1s0x12a6f4f6ebdebc07%3A0x1f4e49f935c6c079!2zR3J1cCBKb3bDqSBWacOxZXM!5e0!3m2!1ses!2ses!4v1738597818872!5m2!1ses!2ses\" width=\"100%\" height=\"450\" allowfullscreen=\"allowfullscreen\"><span data-mce-type=\"bookmark\" style=\"display: inline-block; width: 0px; overflow: hidden; line-height: 0;\" class=\"mce_SELRES_start\">\ufeff<\/span><\/iframe><\/p>\n<\/div><\/div><\/div><\/div><\/div><div class=\"fusion-fullwidth fullwidth-box fusion-builder-row-2 fusion-flex-container nonhundred-percent-fullwidth non-hundred-percent-height-scrolling\" style=\"--awb-border-radius-top-left:0px;--awb-border-radius-top-right:0px;--awb-border-radius-bottom-right:0px;--awb-border-radius-bottom-left:0px;--awb-padding-top:90px;--awb-padding-bottom:90px;--awb-flex-wrap:wrap;\" ><div class=\"fusion-builder-row fusion-row fusion-flex-align-items-flex-start fusion-flex-justify-content-center fusion-flex-content-wrap\" style=\"max-width:1248px;margin-left: calc(-4% \/ 2 );margin-right: calc(-4% \/ 2 );\"><div class=\"fusion-layout-column fusion_builder_column fusion-builder-column-1 fusion_builder_column_2_3 2_3 fusion-flex-column fusion-animated\" style=\"--awb-padding-right:25px;--awb-bg-size:cover;--awb-width-large:66.666666666667%;--awb-margin-top-large:0px;--awb-spacing-right-large:2.88%;--awb-margin-bottom-large:20px;--awb-spacing-left-large:2.88%;--awb-width-medium:66.666666666667%;--awb-order-medium:0;--awb-spacing-right-medium:2.88%;--awb-spacing-left-medium:2.88%;--awb-width-small:100%;--awb-order-small:0;--awb-spacing-right-small:1.92%;--awb-spacing-left-small:1.92%;\" data-animationType=\"bounceInUp\" data-animationDuration=\"1.5\" data-animationDelay=\"0.1\" data-animationOffset=\"top-into-view\"><div class=\"fusion-column-wrapper fusion-column-has-shadow fusion-flex-justify-content-flex-start fusion-content-layout-column\"><div class=\"fusion-title title fusion-title-1 fusion-sep-none fusion-title-text fusion-title-size-two\" style=\"--awb-margin-top:0px;--awb-margin-bottom:30px;--awb-font-size:var(--awb-typography1-font-size);\"><h2 class=\"fusion-title-heading title-heading-left sm-text-align-center\" style=\"font-family:var(--awb-typography1-font-family);font-weight:var(--awb-typography1-font-weight);font-style:var(--awb-typography1-font-style);margin:0;font-size:1em;letter-spacing:var(--awb-typography1-letter-spacing);text-transform:none;line-height:var(--awb-typography1-line-height);\">Contactez-nous<\/h2><\/div><div class=\"fusion-text fusion-text-2 sm-text-align-center\" style=\"--awb-content-alignment:left;--awb-font-size:16px;\"><p><strong>Nous sommes l\u00e0 pour vous !<\/strong> Chez Jov\u00e9 Vi\u00f1es, nous souhaitons que votre exp\u00e9rience avec nos produits soit la plus authentique et satisfaisante possible. Si vous avez des doutes, des questions ou des commentaires, n&rsquo;h\u00e9sitez pas \u00e0 nous contacter. Notre \u00e9quipe se fera un plaisir de vous aider et de r\u00e9pondre \u00e0 tous vos besoins.<\/p>\n<\/div>\n<div class=\"wpcf7 no-js\" id=\"wpcf7-f2105-o1\" lang=\"fr-FR\" dir=\"ltr\" data-wpcf7-id=\"2105\">\n<div class=\"screen-reader-response\"><p role=\"status\" aria-live=\"polite\" aria-atomic=\"true\"><\/p> <ul><\/ul><\/div>\n<form action=\"\/fr\/wp-json\/wp\/v2\/pages\/1930#wpcf7-f2105-o1\" method=\"post\" class=\"wpcf7-form init\" aria-label=\"Formulaire de contact\" novalidate=\"novalidate\" data-status=\"init\">\n<div style=\"display: none;\">\n<input type=\"hidden\" name=\"_wpcf7\" value=\"2105\" \/>\n<input type=\"hidden\" name=\"_wpcf7_version\" value=\"6.0.5\" \/>\n<input type=\"hidden\" name=\"_wpcf7_locale\" value=\"fr_FR\" \/>\n<input type=\"hidden\" name=\"_wpcf7_unit_tag\" value=\"wpcf7-f2105-o1\" \/>\n<input type=\"hidden\" name=\"_wpcf7_container_post\" value=\"0\" \/>\n<input type=\"hidden\" name=\"_wpcf7_posted_data_hash\" value=\"\" \/>\n<input type=\"hidden\" name=\"_wpcf7_recaptcha_response\" value=\"\" \/>\n<\/div>\n<div style=\"display:flex\">\n\t<div style=\"width:49%;margin-right:10px;\">\n\t\t<p><label><b>Nom et pr\u00e9nom<\/b><br \/>\n<span class=\"wpcf7-form-control-wrap\" data-name=\"Nom-i-cognom\"><input size=\"40\" maxlength=\"400\" class=\"wpcf7-form-control wpcf7-text wpcf7-validates-as-required\" aria-required=\"true\" aria-invalid=\"false\" value=\"\" type=\"text\" name=\"Nom-i-cognom\" \/><\/span> <\/label>\n\t\t<\/p>\n\t<\/div>\n\t<div style=\"width:49%;margin-left:10px;\">\n\t\t<p><label><b>Mati\u00e8re<\/b><br \/>\n<span class=\"wpcf7-form-control-wrap\" data-name=\"assumpte\"><input size=\"40\" maxlength=\"400\" class=\"wpcf7-form-control wpcf7-text wpcf7-validates-as-required\" aria-required=\"true\" aria-invalid=\"false\" value=\"\" type=\"text\" name=\"assumpte\" \/><\/span> <\/label>\n\t\t<\/p>\n\t<\/div>\n<\/div>\n<div style=\"display:flex\">\n\t<div style=\"width:49%;margin-right:10px;\">\n\t\t<p><label><b>Adresse email<\/b><br \/>\n<span class=\"wpcf7-form-control-wrap\" data-name=\"email\"><input size=\"40\" maxlength=\"400\" class=\"wpcf7-form-control wpcf7-email wpcf7-validates-as-required wpcf7-text wpcf7-validates-as-email\" aria-required=\"true\" aria-invalid=\"false\" value=\"\" type=\"email\" name=\"email\" \/><\/span> <\/label>\n\t\t<\/p>\n\t<\/div>\n\t<div style=\"width:49%;margin-left:10px;\">\n\t\t<p><label><b>T\u00e9l\u00e9phone<\/b><br \/>\n<span class=\"wpcf7-form-control-wrap\" data-name=\"telefon\"><input size=\"40\" maxlength=\"400\" class=\"wpcf7-form-control wpcf7-tel wpcf7-validates-as-required wpcf7-text wpcf7-validates-as-tel\" aria-required=\"true\" aria-invalid=\"false\" value=\"\" type=\"tel\" name=\"telefon\" \/><\/span> <\/label>\n\t\t<\/p>\n\t<\/div>\n<\/div>\n<div style=\"display:flex;width:100%;\">\n\t<div style=\"width:100%;\">\n\t\t<p><label style=\"width:100%;\"><b>De quoi avez-vous besoin<\/b><br \/>\n<span class=\"wpcf7-form-control-wrap\" data-name=\"que-necessites\"><select class=\"wpcf7-form-control wpcf7-select wpcf7-validates-as-required\" aria-required=\"true\" aria-invalid=\"false\" name=\"que-necessites\"><option value=\"Information\">Information<\/option><option value=\"Doute\">Doute<\/option><option value=\"Consulter\">Consulter<\/option><option value=\"Produit\">Produit<\/option><\/select><\/span> <\/label>\n\t\t<\/p>\n\t<\/div>\n<\/div>\n<p><label><b>Message<\/b><br \/>\n<span class=\"wpcf7-form-control-wrap\" data-name=\"Missatge\"><textarea cols=\"40\" rows=\"10\" maxlength=\"2000\" class=\"wpcf7-form-control wpcf7-textarea\" aria-invalid=\"false\" name=\"Missatge\"><\/textarea><\/span> <\/label>\n<\/p>\n<p><span class=\"wpcf7-form-control-wrap\" data-name=\"acceptance-58\"><span class=\"wpcf7-form-control wpcf7-acceptance\"><span class=\"wpcf7-list-item\"><input type=\"checkbox\" name=\"acceptance-58\" value=\"1\" aria-invalid=\"false\" \/><\/span><\/span><\/span><label>J'ai lu et accept\u00e9 la <a href=\"\/politica-de-privadesa\">politique de confidentialit\u00e9<\/a> et les <a href=\"\/avis-legal\">mentions l\u00e9gales<\/a><\/label>\n<\/p>\n<p><input class=\"wpcf7-form-control wpcf7-submit has-spinner\" type=\"submit\" value=\"Enviar\" \/>\n<\/p><p style=\"display: none !important;\" class=\"akismet-fields-container\" data-prefix=\"_wpcf7_ak_\"><label>&#916;<textarea name=\"_wpcf7_ak_hp_textarea\" cols=\"45\" rows=\"8\" maxlength=\"100\"><\/textarea><\/label><input type=\"hidden\" id=\"ak_js_1\" name=\"_wpcf7_ak_js\" value=\"90\"\/><script>document.getElementById( \"ak_js_1\" ).setAttribute( \"value\", ( new Date() ).getTime() );<\/script><\/p><div class=\"fusion-alert alert custom alert-custom fusion-alert-center wpcf7-response-output awb-alert-native-link-color alert-dismissable awb-alert-close-boxed\" style=\"--awb-border-size:1px;--awb-border-top-left-radius:0px;--awb-border-top-right-radius:0px;--awb-border-bottom-left-radius:0px;--awb-border-bottom-right-radius:0px;\" role=\"alert\"><div class=\"fusion-alert-content-wrapper\"><span class=\"fusion-alert-content\"><\/span><\/div><button type=\"button\" class=\"close toggle-alert\" data-dismiss=\"alert\" aria-label=\"Close\">&times;<\/button><\/div>\n<\/form>\n<\/div>\n<\/div><\/div><div class=\"fusion-layout-column fusion_builder_column fusion-builder-column-2 fusion_builder_column_1_3 1_3 fusion-flex-column fusion-animated\" style=\"--awb-bg-size:cover;--awb-width-large:33.333333333333%;--awb-margin-top-large:0px;--awb-spacing-right-large:5.76%;--awb-margin-bottom-large:20px;--awb-spacing-left-large:5.76%;--awb-width-medium:33.333333333333%;--awb-order-medium:0;--awb-spacing-right-medium:5.76%;--awb-spacing-left-medium:5.76%;--awb-width-small:100%;--awb-order-small:0;--awb-spacing-right-small:1.92%;--awb-spacing-left-small:1.92%;\" data-animationType=\"fadeIn\" data-animationDuration=\"1.5\" data-animationDelay=\"0.5\" data-animationOffset=\"top-into-view\"><div class=\"fusion-column-wrapper fusion-column-has-shadow fusion-flex-justify-content-flex-start fusion-content-layout-column\"><div class=\"fusion-title title fusion-title-2 fusion-sep-none fusion-title-text fusion-title-size-three\" style=\"--awb-margin-top:0px;--awb-margin-bottom:30px;--awb-font-size:40px;\"><h3 class=\"fusion-title-heading title-heading-left\" style=\"font-family:var(--awb-typography1-font-family);font-weight:var(--awb-typography1-font-weight);font-style:var(--awb-typography1-font-style);margin:0;font-size:1em;letter-spacing:var(--awb-typography1-letter-spacing);text-transform:none;line-height:var(--awb-typography1-line-height);\">Coordonn\u00e9es<\/h3><\/div><ul style=\"--awb-size:14px;--awb-margin-bottom:30px;--awb-line-height:23.8px;--awb-icon-width:23.8px;--awb-icon-height:23.8px;--awb-icon-margin:9.8px;--awb-content-margin:33.6px;\" class=\"fusion-checklist fusion-checklist-1 fusion-checklist-default type-icons\"><li class=\"fusion-li-item\" style=\"\"><span class=\"icon-wrapper circle-no\"><i class=\"fusion-li-icon fa-phone-alt fas\" aria-hidden=\"true\"><\/i><\/span><div class=\"fusion-li-item-content\">\n<p><a href=\"tel:973420007\">973 420 007<\/a><\/p>\n<\/div><\/li><li class=\"fusion-li-item\" style=\"\"><span class=\"icon-wrapper circle-no\"><i class=\"fusion-li-icon fa-envelope fas\" aria-hidden=\"true\"><\/i><\/span><div class=\"fusion-li-item-content\">\n<p><a href=\"mailto:info@jovevinyes.com\">info@jovevinyes.com<\/a><\/p>\n<\/div><\/li><li class=\"fusion-li-item\" style=\"\"><span class=\"icon-wrapper circle-no\"><i class=\"fusion-li-icon fa-map-marker-alt fas\" aria-hidden=\"true\"><\/i><\/span><div class=\"fusion-li-item-content\"><a href=\"https:\/\/maps.app.goo.gl\/verAfd3KZa5tMEqc8\" target=\"_blank\" rel=\"noopener\">Pol\u00edgon Sant Jordi, Parcela 1 (25613 Camarasa)<\/a><\/div><\/li><\/ul><div class=\"fusion-image-element fusion-no-small-visibility\" style=\"--awb-caption-title-font-family:var(--h2_typography-font-family);--awb-caption-title-font-weight:var(--h2_typography-font-weight);--awb-caption-title-font-style:var(--h2_typography-font-style);--awb-caption-title-size:var(--h2_typography-font-size);--awb-caption-title-transform:var(--h2_typography-text-transform);--awb-caption-title-line-height:var(--h2_typography-line-height);--awb-caption-title-letter-spacing:var(--h2_typography-letter-spacing);\"><span class=\" fusion-imageframe imageframe-none imageframe-1 hover-type-none\" style=\"border-radius:5px;\"><img decoding=\"async\" width=\"1440\" height=\"2560\" alt=\"Contacta amb nosaltres si tens algun dubte o pregunta. Imatge d&#039;embotits de Jov\u00e9 Vinyes.\" title=\"alcainaphoto-edits-vinyes-105\" src=\"https:\/\/jovevinyes.com\/wp-content\/uploads\/2025\/02\/alcainaphoto-edits-vinyes-105-scaled.jpg\" data-orig-src=\"https:\/\/jovevinyes.com\/wp-content\/uploads\/2025\/02\/alcainaphoto-edits-vinyes-105-scaled.jpg\" class=\"lazyload img-responsive wp-image-1689\" srcset=\"data:image\/svg+xml,%3Csvg%20xmlns%3D%27http%3A%2F%2Fwww.w3.org%2F2000%2Fsvg%27%20width%3D%271440%27%20height%3D%272560%27%20viewBox%3D%270%200%201440%202560%27%3E%3Crect%20width%3D%271440%27%20height%3D%272560%27%20fill-opacity%3D%220%22%2F%3E%3C%2Fsvg%3E\" data-srcset=\"https:\/\/jovevinyes.com\/wp-content\/uploads\/2025\/02\/alcainaphoto-edits-vinyes-105-200x355.jpg 200w, https:\/\/jovevinyes.com\/wp-content\/uploads\/2025\/02\/alcainaphoto-edits-vinyes-105-400x711.jpg 400w, https:\/\/jovevinyes.com\/wp-content\/uploads\/2025\/02\/alcainaphoto-edits-vinyes-105-600x1066.jpg 600w, https:\/\/jovevinyes.com\/wp-content\/uploads\/2025\/02\/alcainaphoto-edits-vinyes-105-800x1422.jpg 800w, https:\/\/jovevinyes.com\/wp-content\/uploads\/2025\/02\/alcainaphoto-edits-vinyes-105-1200x2133.jpg 1200w, https:\/\/jovevinyes.com\/wp-content\/uploads\/2025\/02\/alcainaphoto-edits-vinyes-105-scaled.jpg 1440w\" data-sizes=\"auto\" data-orig-sizes=\"(max-width: 640px) 100vw, 400px\" \/><\/span><\/div><\/div><\/div><\/div><\/div><div class=\"fusion-fullwidth fullwidth-box fusion-builder-row-3 fusion-flex-container has-pattern-background has-mask-background nonhundred-percent-fullwidth non-hundred-percent-height-scrolling\" style=\"--awb-border-radius-top-left:0px;--awb-border-radius-top-right:0px;--awb-border-radius-bottom-right:0px;--awb-border-radius-bottom-left:0px;--awb-flex-wrap:wrap;\" ><div class=\"fusion-builder-row fusion-row fusion-flex-align-items-flex-start fusion-flex-content-wrap\" style=\"max-width:1248px;margin-left: calc(-4% \/ 2 );margin-right: calc(-4% \/ 2 );\"><div class=\"fusion-layout-column fusion_builder_column fusion-builder-column-3 fusion_builder_column_1_1 1_1 fusion-flex-column fusion-animated\" style=\"--awb-bg-size:cover;--awb-width-large:100%;--awb-margin-top-large:0px;--awb-spacing-right-large:1.92%;--awb-margin-bottom-large:20px;--awb-spacing-left-large:1.92%;--awb-width-medium:100%;--awb-order-medium:0;--awb-spacing-right-medium:1.92%;--awb-spacing-left-medium:1.92%;--awb-width-small:100%;--awb-order-small:0;--awb-spacing-right-small:1.92%;--awb-spacing-left-small:1.92%;\" data-animationType=\"fadeInUp\" data-animationDuration=\"0.5\" data-animationOffset=\"top-into-view\" data-scroll-devices=\"small-visibility,medium-visibility,large-visibility\"><div class=\"fusion-column-wrapper fusion-column-has-shadow fusion-flex-justify-content-flex-start fusion-content-layout-column\"><div class=\"fusion-text fusion-text-3\"><p>Vous pouvez d\u00e9j\u00e0 constater que vous disposez de plusieurs moyens pour nous contacter, l&rsquo;un d&rsquo;entre eux est le formulaire que vous avez au-dessus de ces lignes. Envoyez le formulaire avec les donn\u00e9es que nous demandons et notre \u00e9quipe r\u00e9pondra \u00e0 vos demandes.<br \/>\nUn autre moyen de contact dont vous disposez est l&rsquo;e-mail, vous pouvez nous envoyer un e-mail \u00e0 <b>info@jovevinyes.com<\/b>, nous essaierons de r\u00e9pondre \u00e0 votre message dans les plus brefs d\u00e9lais. La rapidit\u00e9 de r\u00e9ponse d\u00e9pendra de la disponibilit\u00e9 dont nous disposons.<br \/>\nVous pouvez \u00e9galement nous appeler par t\u00e9l\u00e9phone, vous pouvez nous appeler au num\u00e9ro suivant : <b>973 420 007<\/b>. Appelez-nous et nous r\u00e9pondrons instantan\u00e9ment \u00e0 vos questions et questions. Veuillez noter que nos lignes peuvent \u00eatre occup\u00e9es, si tel est le cas, veuillez r\u00e9essayer plus tard.<br \/>\nSi vous pr\u00e9f\u00e9rez, vous pouvez venir nous rendre visite dans nos locaux, nous sommes situ\u00e9s au <b>Pol\u00edgon Sant Jordi, Parcelle 1, dans la municipalit\u00e9 de Camarasa<\/b>, visitez-nous et nous r\u00e9pondrons \u00e0 toutes vos questions et vous pourrez mieux conna\u00eetre notre entreprise de l&rsquo;int\u00e9rieur.<br \/>\nSi vous avez des doutes ou des questions sur notre fa\u00e7on de travailler ou sur ce que nous faisons. Contactez-nous en utilisant les m\u00e9thodes que nous venons de pr\u00e9ciser. Chez Jov\u00e9 Vinyes nous souhaitons mieux conna\u00eetre nos clients afin de leur proposer un service sur mesure.<\/p>\n<\/div><\/div><\/div><\/div><\/div><\/p>\n","protected":false},"excerpt":{"rendered":"","protected":false},"author":1,"featured_media":0,"parent":0,"menu_order":0,"comment_status":"closed","ping_status":"closed","template":"100-width.php","meta":{"footnotes":""},"class_list":["post-1930","page","type-page","status-publish","hentry"],"yoast_head":"<!-- This site is optimized with the Yoast SEO plugin v24.7 - https:\/\/yoast.com\/wordpress\/plugins\/seo\/ -->\n<title>Contact - Jov\u00e9 Vinyes<\/title>\n<meta name=\"robots\" content=\"index, follow, max-snippet:-1, max-image-preview:large, max-video-preview:-1\" \/>\n<link rel=\"canonical\" href=\"https:\/\/jovevinyes.com\/fr\/contact\/\" \/>\n<meta property=\"og:locale\" content=\"fr_FR\" \/>\n<meta property=\"og:type\" content=\"article\" \/>\n<meta property=\"og:title\" content=\"Contact - Jov\u00e9 Vinyes\" \/>\n<meta property=\"og:url\" content=\"https:\/\/jovevinyes.com\/fr\/contact\/\" \/>\n<meta property=\"og:site_name\" content=\"Jov\u00e9 Vinyes\" \/>\n<meta property=\"article:modified_time\" content=\"2025-05-29T14:43:52+00:00\" \/>\n<meta name=\"twitter:card\" content=\"summary_large_image\" \/>\n<meta name=\"twitter:label1\" content=\"Dur\u00e9e de lecture estim\u00e9e\" \/>\n\t<meta name=\"twitter:data1\" content=\"2 minutes\" \/>\n<script type=\"application\/ld+json\" class=\"yoast-schema-graph\">{\"@context\":\"https:\/\/schema.org\",\"@graph\":[{\"@type\":\"WebPage\",\"@id\":\"https:\/\/jovevinyes.com\/fr\/contact\/\",\"url\":\"https:\/\/jovevinyes.com\/fr\/contact\/\",\"name\":\"Contact - Jov\u00e9 Vinyes\",\"isPartOf\":{\"@id\":\"https:\/\/jovevinyes.com\/fr\/#website\"},\"datePublished\":\"2021-01-14T09:55:41+00:00\",\"dateModified\":\"2025-05-29T14:43:52+00:00\",\"breadcrumb\":{\"@id\":\"https:\/\/jovevinyes.com\/fr\/contact\/#breadcrumb\"},\"inLanguage\":\"fr-FR\",\"potentialAction\":[{\"@type\":\"ReadAction\",\"target\":[\"https:\/\/jovevinyes.com\/fr\/contact\/\"]}]},{\"@type\":\"BreadcrumbList\",\"@id\":\"https:\/\/jovevinyes.com\/fr\/contact\/#breadcrumb\",\"itemListElement\":[{\"@type\":\"ListItem\",\"position\":1,\"name\":\"Inici\",\"item\":\"https:\/\/jovevinyes.com\/fr\/\"},{\"@type\":\"ListItem\",\"position\":2,\"name\":\"Contact\"}]},{\"@type\":\"WebSite\",\"@id\":\"https:\/\/jovevinyes.com\/fr\/#website\",\"url\":\"https:\/\/jovevinyes.com\/fr\/\",\"name\":\"Jov\u00e9 Vinyes\",\"description\":\"Marca xarcutera de qualitat\",\"potentialAction\":[{\"@type\":\"SearchAction\",\"target\":{\"@type\":\"EntryPoint\",\"urlTemplate\":\"https:\/\/jovevinyes.com\/fr\/?s={search_term_string}\"},\"query-input\":{\"@type\":\"PropertyValueSpecification\",\"valueRequired\":true,\"valueName\":\"search_term_string\"}}],\"inLanguage\":\"fr-FR\"}]}<\/script>\n<!-- \/ Yoast SEO plugin. -->","yoast_head_json":{"title":"Contact - Jov\u00e9 Vinyes","robots":{"index":"index","follow":"follow","max-snippet":"max-snippet:-1","max-image-preview":"max-image-preview:large","max-video-preview":"max-video-preview:-1"},"canonical":"https:\/\/jovevinyes.com\/fr\/contact\/","og_locale":"fr_FR","og_type":"article","og_title":"Contact - Jov\u00e9 Vinyes","og_url":"https:\/\/jovevinyes.com\/fr\/contact\/","og_site_name":"Jov\u00e9 Vinyes","article_modified_time":"2025-05-29T14:43:52+00:00","twitter_card":"summary_large_image","twitter_misc":{"Dur\u00e9e de lecture estim\u00e9e":"2 minutes"},"schema":{"@context":"https:\/\/schema.org","@graph":[{"@type":"WebPage","@id":"https:\/\/jovevinyes.com\/fr\/contact\/","url":"https:\/\/jovevinyes.com\/fr\/contact\/","name":"Contact - Jov\u00e9 Vinyes","isPartOf":{"@id":"https:\/\/jovevinyes.com\/fr\/#website"},"datePublished":"2021-01-14T09:55:41+00:00","dateModified":"2025-05-29T14:43:52+00:00","breadcrumb":{"@id":"https:\/\/jovevinyes.com\/fr\/contact\/#breadcrumb"},"inLanguage":"fr-FR","potentialAction":[{"@type":"ReadAction","target":["https:\/\/jovevinyes.com\/fr\/contact\/"]}]},{"@type":"BreadcrumbList","@id":"https:\/\/jovevinyes.com\/fr\/contact\/#breadcrumb","itemListElement":[{"@type":"ListItem","position":1,"name":"Inici","item":"https:\/\/jovevinyes.com\/fr\/"},{"@type":"ListItem","position":2,"name":"Contact"}]},{"@type":"WebSite","@id":"https:\/\/jovevinyes.com\/fr\/#website","url":"https:\/\/jovevinyes.com\/fr\/","name":"Jov\u00e9 Vinyes","description":"Marca xarcutera de qualitat","potentialAction":[{"@type":"SearchAction","target":{"@type":"EntryPoint","urlTemplate":"https:\/\/jovevinyes.com\/fr\/?s={search_term_string}"},"query-input":{"@type":"PropertyValueSpecification","valueRequired":true,"valueName":"search_term_string"}}],"inLanguage":"fr-FR"}]}},"_links":{"self":[{"href":"https:\/\/jovevinyes.com\/fr\/wp-json\/wp\/v2\/pages\/1930","targetHints":{"allow":["GET"]}}],"collection":[{"href":"https:\/\/jovevinyes.com\/fr\/wp-json\/wp\/v2\/pages"}],"about":[{"href":"https:\/\/jovevinyes.com\/fr\/wp-json\/wp\/v2\/types\/page"}],"author":[{"embeddable":true,"href":"https:\/\/jovevinyes.com\/fr\/wp-json\/wp\/v2\/users\/1"}],"replies":[{"embeddable":true,"href":"https:\/\/jovevinyes.com\/fr\/wp-json\/wp\/v2\/comments?post=1930"}],"version-history":[{"count":4,"href":"https:\/\/jovevinyes.com\/fr\/wp-json\/wp\/v2\/pages\/1930\/revisions"}],"predecessor-version":[{"id":2179,"href":"https:\/\/jovevinyes.com\/fr\/wp-json\/wp\/v2\/pages\/1930\/revisions\/2179"}],"wp:attachment":[{"href":"https:\/\/jovevinyes.com\/fr\/wp-json\/wp\/v2\/media?parent=1930"}],"curies":[{"name":"wp","href":"https:\/\/api.w.org\/{rel}","templated":true}]}}