{"id":1945,"date":"2025-03-11T13:11:22","date_gmt":"2025-03-11T12:11:22","guid":{"rendered":"https:\/\/jovevinyes.com\/politique-de-cookies\/"},"modified":"2025-03-18T13:34:33","modified_gmt":"2025-03-18T12:34:33","slug":"politique-de-cookies","status":"publish","type":"page","link":"https:\/\/jovevinyes.com\/fr\/politique-de-cookies\/","title":{"rendered":"Politique de cookies"},"content":{"rendered":"<div class=\"fusion-fullwidth fullwidth-box fusion-builder-row-1 fusion-flex-container nonhundred-percent-fullwidth non-hundred-percent-height-scrolling\" style=\"--awb-border-radius-top-left:0px;--awb-border-radius-top-right:0px;--awb-border-radius-bottom-right:0px;--awb-border-radius-bottom-left:0px;--awb-flex-wrap:wrap;\" ><div class=\"fusion-builder-row fusion-row fusion-flex-align-items-flex-start fusion-flex-content-wrap\" style=\"max-width:1248px;margin-left: calc(-4% \/ 2 );margin-right: calc(-4% \/ 2 );\"><div class=\"fusion-layout-column fusion_builder_column fusion-builder-column-0 fusion_builder_column_1_1 1_1 fusion-flex-column\" style=\"--awb-bg-size:cover;--awb-width-large:100%;--awb-margin-top-large:50px;--awb-spacing-right-large:1.92%;--awb-margin-bottom-large:0px;--awb-spacing-left-large:1.92%;--awb-width-medium:100%;--awb-spacing-right-medium:1.92%;--awb-spacing-left-medium:1.92%;--awb-width-small:100%;--awb-spacing-right-small:1.92%;--awb-spacing-left-small:1.92%;\"><div class=\"fusion-column-wrapper fusion-flex-justify-content-flex-start fusion-content-layout-column\"><div class=\"fusion-text fusion-text-1\"><p>Ce site Web utilise des cookies pour am\u00e9liorer l&rsquo;exp\u00e9rience utilisateur. Vous trouverez ci-dessous des informations sur ce que sont les cookies, le type de cookies utilis\u00e9 par cette page, comment d\u00e9sactiver les cookies dans votre navigateur et comment d\u00e9sactiver sp\u00e9cifiquement l&rsquo;installation de cookies tiers. Si vous ne trouvez pas les informations sp\u00e9cifiques que vous recherchez, veuillez envoyer un e-mail \u00e0 <a href=\"mailto:info@jovevinyes.com\" target=\"_blank\" rel=\"noopener noreferrer\">info@jovevinyes.com.<\/a><\/p>\n<p><strong>QUE SONT LES COOKIES ?<\/strong><\/p>\n<p>Les cookies sont utiles pour plusieurs raisons. D&rsquo;un point de vue technique, ils permettent aux pages Web de fonctionner plus rapidement et de s&rsquo;adapter \u00e0 vos pr\u00e9f\u00e9rences, comme le stockage de votre langue ou de la devise de votre pays. D&rsquo;un point de vue technique, ils permettent aux pages Web de fonctionner plus rapidement et de s&rsquo;adapter \u00e0 vos pr\u00e9f\u00e9rences, comme le stockage de votre langue ou de la devise de votre pays.<\/p>\n<p><strong>QUELLE UTILISATION DONNONS-NOUS AUX DIFF\u00c9RENTS TYPES DE COOKIES ?<\/strong><\/p>\n<p><strong>Cookies de session:<\/strong> les cookies de session sont ceux qui durent aussi longtemps que l&rsquo;utilisateur navigue sur le site Web et sont supprim\u00e9s \u00e0 la fin.<\/p>\n<p><strong>Cookies persistants:<\/strong> Ces cookies sont stock\u00e9s plus longtemps sur le terminal de l&rsquo;utilisateur, facilitant ainsi le contr\u00f4le des pr\u00e9f\u00e9rences choisies sans avoir \u00e0 r\u00e9p\u00e9ter certains param\u00e8tres \u00e0 chaque visite du site Internet.<\/p>\n<p><strong>Cookies propres:<\/strong> ce sont des cookies cr\u00e9\u00e9s par le site Web et qui ne peuvent \u00eatre lus que par la page elle-m\u00eame. Par exemple : cookies techniques pour le t\u00e9l\u00e9chargement d&rsquo;images, cookies pour personnaliser les param\u00e8tres Web, cookies d&rsquo;analyse du trafic, etc.<\/p>\n<p><strong>Cookies tiers:<\/strong> Il s&rsquo;agit de cookies cr\u00e9\u00e9s par des tiers et que nous utilisons pour diff\u00e9rents services (par exemple, analyse de sites Web ou publicit\u00e9).<\/p>\n<p>Selon sa finalit\u00e9 :<\/p>\n<p><strong>Cookies techniques:<\/strong> Les cookies techniques sont indispensables et strictement n\u00e9cessaires au bon fonctionnement d&rsquo;un portail web et \u00e0 l&rsquo;utilisation des diff\u00e9rentes options et services qu&rsquo;il propose. Par exemple, ceux utilis\u00e9s pour maintenir la session, g\u00e9rer le temps de r\u00e9ponse, les performances ou la validation des options, utiliser des \u00e9l\u00e9ments de s\u00e9curit\u00e9, partager du contenu sur les r\u00e9seaux sociaux, etc.<\/p>\n<p><strong>Cookies de personnalisation:<\/strong> Ces cookies permettent \u00e0 l&rsquo;utilisateur de sp\u00e9cifier ou de personnaliser certaines caract\u00e9ristiques des options g\u00e9n\u00e9rales de la page Web, par exemple pour d\u00e9finir la langue, la configuration r\u00e9gionale ou le type de navigateur.<\/p>\n<p><strong>Cookies analytiques:<\/strong> Les cookies analytiques sont ceux utilis\u00e9s par notre portail Web, pour d\u00e9velopper des profils de navigation et pouvoir conna\u00eetre les pr\u00e9f\u00e9rences de ses utilisateurs afin d&rsquo;am\u00e9liorer l&rsquo;offre de produits et services. Par exemple, un cookie analytique contr\u00f4lerait les zones g\u00e9ographiques pr\u00e9sentant le plus grand int\u00e9r\u00eat pour un utilisateur, quel produit est le plus accept\u00e9, etc.<\/p>\n<p><strong>Cookies publicitaires:<\/strong> Les cookies publicitaires permettent la gestion des espaces publicitaires en fonction de crit\u00e8res pr\u00e9cis. Par exemple, la fr\u00e9quence d&rsquo;acc\u00e8s, le contenu \u00e9dit\u00e9, etc. Les cookies publicitaires permettent, \u00e0 travers la gestion de la publicit\u00e9, de stocker des informations comportementales \u00e0 travers l&rsquo;observation des habitudes, l&rsquo;\u00e9tude des acc\u00e8s et la constitution d&rsquo;un profil des pr\u00e9f\u00e9rences de l&rsquo;utilisateur, pour proposer des publicit\u00e9s li\u00e9es aux int\u00e9r\u00eats de son profil.<\/p>\n<\/div><\/div><\/div><\/div><\/div>\n","protected":false},"excerpt":{"rendered":"","protected":false},"author":1,"featured_media":0,"parent":0,"menu_order":0,"comment_status":"closed","ping_status":"closed","template":"","meta":{"footnotes":""},"class_list":["post-1945","page","type-page","status-publish","hentry"],"yoast_head":"<!-- This site is optimized with the Yoast SEO plugin v24.7 - https:\/\/yoast.com\/wordpress\/plugins\/seo\/ -->\n<title>Politique de cookies - Jov\u00e9 Vinyes<\/title>\n<meta name=\"robots\" content=\"index, follow, max-snippet:-1, max-image-preview:large, max-video-preview:-1\" \/>\n<link rel=\"canonical\" href=\"https:\/\/jovevinyes.com\/fr\/politique-de-cookies\/\" \/>\n<meta property=\"og:locale\" content=\"fr_FR\" \/>\n<meta property=\"og:type\" content=\"article\" \/>\n<meta property=\"og:title\" content=\"Politique de cookies - Jov\u00e9 Vinyes\" \/>\n<meta property=\"og:url\" content=\"https:\/\/jovevinyes.com\/fr\/politique-de-cookies\/\" \/>\n<meta property=\"og:site_name\" content=\"Jov\u00e9 Vinyes\" \/>\n<meta property=\"article:modified_time\" content=\"2025-03-18T12:34:33+00:00\" \/>\n<meta name=\"twitter:card\" content=\"summary_large_image\" \/>\n<meta name=\"twitter:label1\" content=\"Dur\u00e9e de lecture estim\u00e9e\" \/>\n\t<meta name=\"twitter:data1\" content=\"3 minutes\" \/>\n<script type=\"application\/ld+json\" class=\"yoast-schema-graph\">{\"@context\":\"https:\/\/schema.org\",\"@graph\":[{\"@type\":\"WebPage\",\"@id\":\"https:\/\/jovevinyes.com\/fr\/politique-de-cookies\/\",\"url\":\"https:\/\/jovevinyes.com\/fr\/politique-de-cookies\/\",\"name\":\"Politique de cookies - Jov\u00e9 Vinyes\",\"isPartOf\":{\"@id\":\"https:\/\/jovevinyes.com\/fr\/#website\"},\"datePublished\":\"2025-03-11T12:11:22+00:00\",\"dateModified\":\"2025-03-18T12:34:33+00:00\",\"breadcrumb\":{\"@id\":\"https:\/\/jovevinyes.com\/fr\/politique-de-cookies\/#breadcrumb\"},\"inLanguage\":\"fr-FR\",\"potentialAction\":[{\"@type\":\"ReadAction\",\"target\":[\"https:\/\/jovevinyes.com\/fr\/politique-de-cookies\/\"]}]},{\"@type\":\"BreadcrumbList\",\"@id\":\"https:\/\/jovevinyes.com\/fr\/politique-de-cookies\/#breadcrumb\",\"itemListElement\":[{\"@type\":\"ListItem\",\"position\":1,\"name\":\"Inici\",\"item\":\"https:\/\/jovevinyes.com\/fr\/\"},{\"@type\":\"ListItem\",\"position\":2,\"name\":\"Politique de cookies\"}]},{\"@type\":\"WebSite\",\"@id\":\"https:\/\/jovevinyes.com\/fr\/#website\",\"url\":\"https:\/\/jovevinyes.com\/fr\/\",\"name\":\"Jov\u00e9 Vinyes\",\"description\":\"Marca xarcutera de qualitat\",\"potentialAction\":[{\"@type\":\"SearchAction\",\"target\":{\"@type\":\"EntryPoint\",\"urlTemplate\":\"https:\/\/jovevinyes.com\/fr\/?s={search_term_string}\"},\"query-input\":{\"@type\":\"PropertyValueSpecification\",\"valueRequired\":true,\"valueName\":\"search_term_string\"}}],\"inLanguage\":\"fr-FR\"}]}<\/script>\n<!-- \/ Yoast SEO plugin. -->","yoast_head_json":{"title":"Politique de cookies - Jov\u00e9 Vinyes","robots":{"index":"index","follow":"follow","max-snippet":"max-snippet:-1","max-image-preview":"max-image-preview:large","max-video-preview":"max-video-preview:-1"},"canonical":"https:\/\/jovevinyes.com\/fr\/politique-de-cookies\/","og_locale":"fr_FR","og_type":"article","og_title":"Politique de cookies - Jov\u00e9 Vinyes","og_url":"https:\/\/jovevinyes.com\/fr\/politique-de-cookies\/","og_site_name":"Jov\u00e9 Vinyes","article_modified_time":"2025-03-18T12:34:33+00:00","twitter_card":"summary_large_image","twitter_misc":{"Dur\u00e9e de lecture estim\u00e9e":"3 minutes"},"schema":{"@context":"https:\/\/schema.org","@graph":[{"@type":"WebPage","@id":"https:\/\/jovevinyes.com\/fr\/politique-de-cookies\/","url":"https:\/\/jovevinyes.com\/fr\/politique-de-cookies\/","name":"Politique de cookies - Jov\u00e9 Vinyes","isPartOf":{"@id":"https:\/\/jovevinyes.com\/fr\/#website"},"datePublished":"2025-03-11T12:11:22+00:00","dateModified":"2025-03-18T12:34:33+00:00","breadcrumb":{"@id":"https:\/\/jovevinyes.com\/fr\/politique-de-cookies\/#breadcrumb"},"inLanguage":"fr-FR","potentialAction":[{"@type":"ReadAction","target":["https:\/\/jovevinyes.com\/fr\/politique-de-cookies\/"]}]},{"@type":"BreadcrumbList","@id":"https:\/\/jovevinyes.com\/fr\/politique-de-cookies\/#breadcrumb","itemListElement":[{"@type":"ListItem","position":1,"name":"Inici","item":"https:\/\/jovevinyes.com\/fr\/"},{"@type":"ListItem","position":2,"name":"Politique de cookies"}]},{"@type":"WebSite","@id":"https:\/\/jovevinyes.com\/fr\/#website","url":"https:\/\/jovevinyes.com\/fr\/","name":"Jov\u00e9 Vinyes","description":"Marca xarcutera de qualitat","potentialAction":[{"@type":"SearchAction","target":{"@type":"EntryPoint","urlTemplate":"https:\/\/jovevinyes.com\/fr\/?s={search_term_string}"},"query-input":{"@type":"PropertyValueSpecification","valueRequired":true,"valueName":"search_term_string"}}],"inLanguage":"fr-FR"}]}},"_links":{"self":[{"href":"https:\/\/jovevinyes.com\/fr\/wp-json\/wp\/v2\/pages\/1945","targetHints":{"allow":["GET"]}}],"collection":[{"href":"https:\/\/jovevinyes.com\/fr\/wp-json\/wp\/v2\/pages"}],"about":[{"href":"https:\/\/jovevinyes.com\/fr\/wp-json\/wp\/v2\/types\/page"}],"author":[{"embeddable":true,"href":"https:\/\/jovevinyes.com\/fr\/wp-json\/wp\/v2\/users\/1"}],"replies":[{"embeddable":true,"href":"https:\/\/jovevinyes.com\/fr\/wp-json\/wp\/v2\/comments?post=1945"}],"version-history":[{"count":2,"href":"https:\/\/jovevinyes.com\/fr\/wp-json\/wp\/v2\/pages\/1945\/revisions"}],"predecessor-version":[{"id":1947,"href":"https:\/\/jovevinyes.com\/fr\/wp-json\/wp\/v2\/pages\/1945\/revisions\/1947"}],"wp:attachment":[{"href":"https:\/\/jovevinyes.com\/fr\/wp-json\/wp\/v2\/media?parent=1945"}],"curies":[{"name":"wp","href":"https:\/\/api.w.org\/{rel}","templated":true}]}}