{"id":1965,"date":"2024-10-18T08:39:37","date_gmt":"2024-10-18T06:39:37","guid":{"rendered":"https:\/\/jovevinyes.com\/politica-de-privacidad\/"},"modified":"2025-03-18T14:38:33","modified_gmt":"2025-03-18T13:38:33","slug":"politica-de-privacidad","status":"publish","type":"page","link":"https:\/\/jovevinyes.com\/fr\/politica-de-privacidad\/","title":{"rendered":"Politique de confidentialit\u00e9"},"content":{"rendered":"<div class=\"fusion-fullwidth fullwidth-box fusion-builder-row-1 fusion-flex-container nonhundred-percent-fullwidth non-hundred-percent-height-scrolling\" style=\"--awb-border-radius-top-left:0px;--awb-border-radius-top-right:0px;--awb-border-radius-bottom-right:0px;--awb-border-radius-bottom-left:0px;--awb-margin-top:50px;--awb-flex-wrap:wrap;\" ><div class=\"fusion-builder-row fusion-row fusion-flex-align-items-flex-start fusion-flex-content-wrap\" style=\"max-width:1248px;margin-left: calc(-4% \/ 2 );margin-right: calc(-4% \/ 2 );\"><div class=\"fusion-layout-column fusion_builder_column fusion-builder-column-0 fusion_builder_column_1_1 1_1 fusion-flex-column\" style=\"--awb-bg-size:cover;--awb-width-large:100%;--awb-margin-top-large:0px;--awb-spacing-right-large:1.92%;--awb-margin-bottom-large:0px;--awb-spacing-left-large:1.92%;--awb-width-medium:100%;--awb-spacing-right-medium:1.92%;--awb-spacing-left-medium:1.92%;--awb-width-small:100%;--awb-spacing-right-small:1.92%;--awb-spacing-left-small:1.92%;\"><div class=\"fusion-column-wrapper fusion-flex-justify-content-flex-start fusion-content-layout-column\"><div class=\"fusion-text fusion-text-1\"><p><strong>RESPONSABLE DU TRAITEMENT<\/strong><\/p>\n<p><b>Jov\u00e9 Vi\u00f1es S.L.<\/b>, B25028515, dont l&rsquo;adresse est Pol\u00edgono Sant Jordi, Parc 1, 25613, Camarasa (Lleida), t\u00e9l\u00e9phone 973 420 007 et email. &nbsp;<a href=\"mailto:info@jovevinyes.com\" target=\"_blank\" rel=\"noopener noreferrer\">info@jovevinyes.com<\/a>.<\/p>\n<p><strong>BUT<\/strong><\/p>\n<p>La finalit\u00e9 de cr\u00e9ation, d&rsquo;existence et de maintenance est le traitement des donn\u00e9es aux fins exclusives de remplir notre relation commerciale et de la facturer.<\/p>\n<p><strong>L\u00c9GITIMATION<\/strong><\/p>\n<p>La base juridique du traitement de vos donn\u00e9es est l&rsquo;ex\u00e9cution de la relation commerciale entre l&rsquo;int\u00e9ress\u00e9 et le responsable du traitement et ces informations personnelles seront conserv\u00e9es aussi longtemps que la relation commerciale\/contractuelle sera maintenue ou pendant le temps strictement n\u00e9cessaire pour respecter les obligations l\u00e9gales.<\/p>\n<p><strong>P\u00c9RIODE DE CONSERVATION<\/strong><\/p>\n<p>Les donn\u00e9es fournies seront conserv\u00e9es aussi longtemps que la relation commerciale sera maintenue ou pendant les ann\u00e9es n\u00e9cessaires au respect des obligations l\u00e9gales.<\/p>\n<p><strong>DESTINATAIRES<\/strong><\/p>\n<p>Pendant la dur\u00e9e du traitement de l&rsquo;int\u00e9ress\u00e9,&nbsp;<b>Jov\u00e9 Vi\u00f1es<\/b>&nbsp;ne transf\u00e9rera pas les donn\u00e9es \u00e0 des tiers, sauf obligation l\u00e9gale.<\/p>\n<p>Dans les cas o\u00f9, pour l&rsquo;ex\u00e9cution de traitements administratifs, fiscaux, comptables et\/ou commerciaux, des services de tiers seront d\u00fbment conclus, le contrat de traitement obligatoire sera d\u00fbment formalis\u00e9, afin de garantir la s\u00e9curit\u00e9 et la confidentialit\u00e9 des donn\u00e9es de l&rsquo;int\u00e9ress\u00e9 face aux tiers.<\/p>\n<p><strong>DROITS<\/strong><\/p>\n<p>Les personnes int\u00e9ress\u00e9es ont le droit d&rsquo;acc\u00e9der \u00e0 leurs donn\u00e9es personnelles, ainsi que de demander la rectification de donn\u00e9es inexactes ou, le cas \u00e9ch\u00e9ant, de demander leur suppression lorsque, entre autres raisons, les donn\u00e9es ne sont plus n\u00e9cessaires aux fins pour lesquelles elles \u00e9taient destin\u00e9es, ainsi que de retirer le consentement accord\u00e9. Vous pouvez \u00e9galement exercer votre droit \u00e0 la limitation du traitement, afin que vos donn\u00e9es ne soient pas supprim\u00e9es, mais leur traitement sera soumis \u00e0 des limitations. <\/p>\n<p>Les exercices de portabilit\u00e9 et d\u2019automatisation des d\u00e9cisions ne sont pas applicables dans ce cas en raison du type de donn\u00e9es et du traitement des donn\u00e9es.<\/p>\n<\/p>\n<p>&nbsp;<\/p>\n<\/div><\/div><\/div><\/div><\/div><!-- \/wp:post-content -->","protected":false},"excerpt":{"rendered":"","protected":false},"author":1,"featured_media":0,"parent":0,"menu_order":0,"comment_status":"closed","ping_status":"closed","template":"","meta":{"footnotes":""},"class_list":["post-1965","page","type-page","status-publish","hentry"],"yoast_head":"<!-- This site is optimized with the Yoast SEO plugin v24.7 - https:\/\/yoast.com\/wordpress\/plugins\/seo\/ -->\n<title>Politique de confidentialit\u00e9 - Jov\u00e9 Vinyes<\/title>\n<meta name=\"robots\" content=\"index, follow, max-snippet:-1, max-image-preview:large, max-video-preview:-1\" \/>\n<link rel=\"canonical\" href=\"https:\/\/jovevinyes.com\/fr\/politica-de-privacidad\/\" \/>\n<meta property=\"og:locale\" content=\"fr_FR\" \/>\n<meta property=\"og:type\" content=\"article\" \/>\n<meta property=\"og:title\" content=\"Politique de confidentialit\u00e9 - Jov\u00e9 Vinyes\" \/>\n<meta property=\"og:url\" content=\"https:\/\/jovevinyes.com\/fr\/politica-de-privacidad\/\" \/>\n<meta property=\"og:site_name\" content=\"Jov\u00e9 Vinyes\" \/>\n<meta property=\"article:modified_time\" content=\"2025-03-18T13:38:33+00:00\" \/>\n<meta name=\"twitter:card\" content=\"summary_large_image\" \/>\n<meta name=\"twitter:label1\" content=\"Dur\u00e9e de lecture estim\u00e9e\" \/>\n\t<meta name=\"twitter:data1\" content=\"2 minutes\" \/>\n<script type=\"application\/ld+json\" class=\"yoast-schema-graph\">{\"@context\":\"https:\/\/schema.org\",\"@graph\":[{\"@type\":\"WebPage\",\"@id\":\"https:\/\/jovevinyes.com\/fr\/politica-de-privacidad\/\",\"url\":\"https:\/\/jovevinyes.com\/fr\/politica-de-privacidad\/\",\"name\":\"Politique de confidentialit\u00e9 - Jov\u00e9 Vinyes\",\"isPartOf\":{\"@id\":\"https:\/\/jovevinyes.com\/fr\/#website\"},\"datePublished\":\"2024-10-18T06:39:37+00:00\",\"dateModified\":\"2025-03-18T13:38:33+00:00\",\"breadcrumb\":{\"@id\":\"https:\/\/jovevinyes.com\/fr\/politica-de-privacidad\/#breadcrumb\"},\"inLanguage\":\"fr-FR\",\"potentialAction\":[{\"@type\":\"ReadAction\",\"target\":[\"https:\/\/jovevinyes.com\/fr\/politica-de-privacidad\/\"]}]},{\"@type\":\"BreadcrumbList\",\"@id\":\"https:\/\/jovevinyes.com\/fr\/politica-de-privacidad\/#breadcrumb\",\"itemListElement\":[{\"@type\":\"ListItem\",\"position\":1,\"name\":\"Inici\",\"item\":\"https:\/\/jovevinyes.com\/fr\/\"},{\"@type\":\"ListItem\",\"position\":2,\"name\":\"Politique de confidentialit\u00e9\"}]},{\"@type\":\"WebSite\",\"@id\":\"https:\/\/jovevinyes.com\/fr\/#website\",\"url\":\"https:\/\/jovevinyes.com\/fr\/\",\"name\":\"Jov\u00e9 Vinyes\",\"description\":\"Marca xarcutera de qualitat\",\"potentialAction\":[{\"@type\":\"SearchAction\",\"target\":{\"@type\":\"EntryPoint\",\"urlTemplate\":\"https:\/\/jovevinyes.com\/fr\/?s={search_term_string}\"},\"query-input\":{\"@type\":\"PropertyValueSpecification\",\"valueRequired\":true,\"valueName\":\"search_term_string\"}}],\"inLanguage\":\"fr-FR\"}]}<\/script>\n<!-- \/ Yoast SEO plugin. -->","yoast_head_json":{"title":"Politique de confidentialit\u00e9 - Jov\u00e9 Vinyes","robots":{"index":"index","follow":"follow","max-snippet":"max-snippet:-1","max-image-preview":"max-image-preview:large","max-video-preview":"max-video-preview:-1"},"canonical":"https:\/\/jovevinyes.com\/fr\/politica-de-privacidad\/","og_locale":"fr_FR","og_type":"article","og_title":"Politique de confidentialit\u00e9 - Jov\u00e9 Vinyes","og_url":"https:\/\/jovevinyes.com\/fr\/politica-de-privacidad\/","og_site_name":"Jov\u00e9 Vinyes","article_modified_time":"2025-03-18T13:38:33+00:00","twitter_card":"summary_large_image","twitter_misc":{"Dur\u00e9e de lecture estim\u00e9e":"2 minutes"},"schema":{"@context":"https:\/\/schema.org","@graph":[{"@type":"WebPage","@id":"https:\/\/jovevinyes.com\/fr\/politica-de-privacidad\/","url":"https:\/\/jovevinyes.com\/fr\/politica-de-privacidad\/","name":"Politique de confidentialit\u00e9 - Jov\u00e9 Vinyes","isPartOf":{"@id":"https:\/\/jovevinyes.com\/fr\/#website"},"datePublished":"2024-10-18T06:39:37+00:00","dateModified":"2025-03-18T13:38:33+00:00","breadcrumb":{"@id":"https:\/\/jovevinyes.com\/fr\/politica-de-privacidad\/#breadcrumb"},"inLanguage":"fr-FR","potentialAction":[{"@type":"ReadAction","target":["https:\/\/jovevinyes.com\/fr\/politica-de-privacidad\/"]}]},{"@type":"BreadcrumbList","@id":"https:\/\/jovevinyes.com\/fr\/politica-de-privacidad\/#breadcrumb","itemListElement":[{"@type":"ListItem","position":1,"name":"Inici","item":"https:\/\/jovevinyes.com\/fr\/"},{"@type":"ListItem","position":2,"name":"Politique de confidentialit\u00e9"}]},{"@type":"WebSite","@id":"https:\/\/jovevinyes.com\/fr\/#website","url":"https:\/\/jovevinyes.com\/fr\/","name":"Jov\u00e9 Vinyes","description":"Marca xarcutera de qualitat","potentialAction":[{"@type":"SearchAction","target":{"@type":"EntryPoint","urlTemplate":"https:\/\/jovevinyes.com\/fr\/?s={search_term_string}"},"query-input":{"@type":"PropertyValueSpecification","valueRequired":true,"valueName":"search_term_string"}}],"inLanguage":"fr-FR"}]}},"_links":{"self":[{"href":"https:\/\/jovevinyes.com\/fr\/wp-json\/wp\/v2\/pages\/1965","targetHints":{"allow":["GET"]}}],"collection":[{"href":"https:\/\/jovevinyes.com\/fr\/wp-json\/wp\/v2\/pages"}],"about":[{"href":"https:\/\/jovevinyes.com\/fr\/wp-json\/wp\/v2\/types\/page"}],"author":[{"embeddable":true,"href":"https:\/\/jovevinyes.com\/fr\/wp-json\/wp\/v2\/users\/1"}],"replies":[{"embeddable":true,"href":"https:\/\/jovevinyes.com\/fr\/wp-json\/wp\/v2\/comments?post=1965"}],"version-history":[{"count":5,"href":"https:\/\/jovevinyes.com\/fr\/wp-json\/wp\/v2\/pages\/1965\/revisions"}],"predecessor-version":[{"id":1970,"href":"https:\/\/jovevinyes.com\/fr\/wp-json\/wp\/v2\/pages\/1965\/revisions\/1970"}],"wp:attachment":[{"href":"https:\/\/jovevinyes.com\/fr\/wp-json\/wp\/v2\/media?parent=1965"}],"curies":[{"name":"wp","href":"https:\/\/api.w.org\/{rel}","templated":true}]}}